{"id":4634,"date":"2021-12-13T20:35:50","date_gmt":"2021-12-13T19:35:50","guid":{"rendered":"https:\/\/www.mojstrovina.si\/piskotki\/"},"modified":"2021-12-14T11:15:41","modified_gmt":"2021-12-14T10:15:41","slug":"cookies","status":"publish","type":"page","link":"https:\/\/www.mojstrovina.si\/de\/cookies\/","title":{"rendered":"Cookies"},"content":{"rendered":"<p>Damit dieses Internetportal ordnungsgem\u00e4\u00df funktioniert, legen wir manchmal kleine Dateien \u2013 sogenannte Cookies \u2013 auf Ihrem Ger\u00e4t ab. Das ist bei den meisten gro\u00dfen Websites \u00fcblich.<\/p>\n<p>Was sind Cookies?<\/p>\n<p>Ein Cookie ist eine kleine Textdatei, die ein Webportal auf Ihrem Rechner, Tablet-Computer oder Smartphone hinterl\u00e4sst, wenn Sie es besuchen. So kann sich das Portal bestimmte Eingaben und Einstellungen (z.\u00a0B. Login, Sprache, Schriftgr\u00f6\u00dfe und andere Anzeigepr\u00e4ferenzen) \u00fcber einen bestimmten Zeitraum \u201emerken\u201c, und Sie brauchen diese nicht bei jedem weiteren Besuch und beim Navigieren im Portal erneut vorzunehmen.<\/p>\n<p>Wie setzen wir Cookies ein?<\/p>\n<p>Google Analytics \u2013 Google Analytics ist eine einfache, leicht zu bedienendes Tool, das Website-Besitzer hilft messen, wie Nutzer mit Website-Inhalten interagieren . Wenn ein Benutzer zwischen Web-Seiten navigiert, bietet Google Analytics Website-Besitzer JavaScript-Tags (Bibliotheken) ein Benutzer Informationen \u00fcber die Seite zur Aufzeichnung gesehen hat, zum Beispiel die URL der Seite. Die Google Analytics-JavaScript-Bibliotheken verwenden HTTP Cookies \u201eerinnern\u201c, was ein Benutzer auf den vorherigen Seiten \/ Interaktionen mit der Website getan hat.<\/p>\n<p>Kontrolle \u00fcber Cookies<\/p>\n<p>Sie k\u00f6nnen Cookies nach Belieben steuern und\/oder l\u00f6schen. Wie, erfahren Sie hier: <a href=\"http:\/\/www.aboutcookies.org\/\" target=\"_blank\" rel=\"noopener noreferrer\">aboutcookies.org<\/a>.\u00a0Sie k\u00f6nnen alle auf Ihrem Rechner abgelegten Cookies l\u00f6schen und die meisten Browser so einstellen, dass die Ablage von Cookies verhindert wird. Dann m\u00fcssen Sie aber m\u00f6glicherweise einige Einstellungen bei jedem Besuch einer Seite manuell vornehmen und die Beeintr\u00e4chtigung mancher Funktionen in Kauf nehmen.<\/p>\n","protected":false},"excerpt":{"rendered":"<p>Damit dieses Internetportal ordnungsgem\u00e4\u00df funktioniert, legen wir manchmal kleine Dateien \u2013 sogenannte Cookies \u2013 auf Ihrem Ger\u00e4t ab. Das ist bei den meisten gro\u00dfen Websites \u00fcblich. Was sind Cookies? Ein Cookie ist eine kleine Textdatei, die ein Webportal auf Ihrem Rechner, Tablet-Computer oder Smartphone hinterl\u00e4sst, wenn Sie es besuchen. So kann sich das Portal bestimmte&#8230;<\/p>\n","protected":false},"author":1,"featured_media":0,"parent":0,"menu_order":0,"comment_status":"closed","ping_status":"closed","template":"","meta":{"footnotes":""},"class_list":["post-4634","page","type-page","status-publish","hentry"],"_links":{"self":[{"href":"https:\/\/www.mojstrovina.si\/de\/wp-json\/wp\/v2\/pages\/4634","targetHints":{"allow":["GET"]}}],"collection":[{"href":"https:\/\/www.mojstrovina.si\/de\/wp-json\/wp\/v2\/pages"}],"about":[{"href":"https:\/\/www.mojstrovina.si\/de\/wp-json\/wp\/v2\/types\/page"}],"author":[{"embeddable":true,"href":"https:\/\/www.mojstrovina.si\/de\/wp-json\/wp\/v2\/users\/1"}],"replies":[{"embeddable":true,"href":"https:\/\/www.mojstrovina.si\/de\/wp-json\/wp\/v2\/comments?post=4634"}],"version-history":[{"count":0,"href":"https:\/\/www.mojstrovina.si\/de\/wp-json\/wp\/v2\/pages\/4634\/revisions"}],"wp:attachment":[{"href":"https:\/\/www.mojstrovina.si\/de\/wp-json\/wp\/v2\/media?parent=4634"}],"curies":[{"name":"wp","href":"https:\/\/api.w.org\/{rel}","templated":true}]}}