{"id":2051,"date":"2016-09-20T07:56:38","date_gmt":"2016-09-20T05:56:38","guid":{"rendered":"https:\/\/www.mojstrovina.si\/de\/kakovost\/merilnica\/"},"modified":"2019-05-13T13:18:45","modified_gmt":"2019-05-13T11:18:45","slug":"messraum","status":"publish","type":"page","link":"https:\/\/www.mojstrovina.si\/de\/qualitaet\/messraum\/","title":{"rendered":"Messraum"},"content":{"rendered":"<section class=\"l-section wpb_row height_medium\"><div class=\"l-section-h i-cf\"><div class=\"g-cols vc_row via_flex valign_top type_default stacking_default\"><div class=\"vc_col-sm-12 wpb_column vc_column_container\"><div class=\"vc_column-inner\"><div class=\"wpb_wrapper\"><div class=\"wpb_text_column\"><div class=\"wpb_wrapper\"><p>F\u00fcr die Messung von Werkst\u00fccken benutzen wir 3D-Messmaschine Marke DEA Global mit einer Gr\u00f6\u00dfe von 700 \u00d7 1000 \u00d7 700. Die Messmaschine ist in einem speziell isolierten Raum angeordnet in denen die Temperatur konstant gehalten wird. Die Messungen werden mit Hilfe der PC-DIMIS Software durchgef\u00fchrt. Die Maschine wird j\u00e4hrlich \u00fcberpr\u00fcft und 3D kalibriert, auf dieser Basis wird auch die Bescheinigung \u00fcber die Kalibrierung erhalten. Mit Hilfe der Messmaschine bzw. Messungen stellen wir unseren Kunden die Genauigkeit der Dienstleistungen bereit und die \u00dcberpr\u00fcfung der Angemessenheit von Produkten.<\/p>\n<\/div><\/div><div class=\"w-grid us_grid type_grid layout_gallery_default cols_2 preload_style_spinner\" id=\"us_grid_1\" style=\"--columns:2;--gap:4px;\" data-filterable=\"true\"><style>.layout_gallery_default .w-grid-item-h{}<\/style><div class=\"w-grid-list\">\t<article class=\"w-grid-item size_1x1 post-2938 attachment type-attachment status-inherit hentry\" data-id=\"2938\">\r\n\t\t<div class=\"w-grid-item-h\">\r\n\t\t\t\t\t\t\t<a ref=\"magnificPopupGrid\" href=\"https:\/\/www.mojstrovina.si\/wp-content\/uploads\/2018\/12\/kakovost.jpg\" class=\"w-grid-item-anchor\" aria-label=\"kakovost\"><\/a>\r\n\t\t\t\t\t\t<div class=\"w-post-elm post_image usg_post_image_1 stretched\"><img loading=\"lazy\" decoding=\"async\" width=\"600\" height=\"600\" src=\"https:\/\/www.mojstrovina.si\/wp-content\/uploads\/2018\/12\/kakovost-600x600.jpg\" class=\"attachment-us_600_600_crop size-us_600_600_crop\" alt=\"\" srcset=\"https:\/\/www.mojstrovina.si\/wp-content\/uploads\/2018\/12\/kakovost-600x600.jpg 600w, https:\/\/www.mojstrovina.si\/wp-content\/uploads\/2018\/12\/kakovost-150x150.jpg 150w, https:\/\/www.mojstrovina.si\/wp-content\/uploads\/2018\/12\/kakovost-350x350.jpg 350w\" sizes=\"auto, (max-width: 600px) 100vw, 600px\" \/><\/div>\t\t<\/div>\r\n\t\t\t<\/article>\r\n\t<article class=\"w-grid-item size_1x1 post-2944 attachment type-attachment status-inherit hentry\" data-id=\"2944\">\r\n\t\t<div class=\"w-grid-item-h\">\r\n\t\t\t\t\t\t\t<a ref=\"magnificPopupGrid\" href=\"https:\/\/www.mojstrovina.si\/wp-content\/uploads\/2018\/12\/merilnica.jpg\" class=\"w-grid-item-anchor\" aria-label=\"merilnica\"><\/a>\r\n\t\t\t\t\t\t<div class=\"w-post-elm post_image usg_post_image_1 stretched\"><img loading=\"lazy\" decoding=\"async\" width=\"600\" height=\"600\" src=\"https:\/\/www.mojstrovina.si\/wp-content\/uploads\/2018\/12\/merilnica-600x600.jpg\" class=\"attachment-us_600_600_crop size-us_600_600_crop\" alt=\"\" srcset=\"https:\/\/www.mojstrovina.si\/wp-content\/uploads\/2018\/12\/merilnica-600x600.jpg 600w, https:\/\/www.mojstrovina.si\/wp-content\/uploads\/2018\/12\/merilnica-150x150.jpg 150w, https:\/\/www.mojstrovina.si\/wp-content\/uploads\/2018\/12\/merilnica-350x350.jpg 350w\" sizes=\"auto, (max-width: 600px) 100vw, 600px\" \/><\/div>\t\t<\/div>\r\n\t\t\t<\/article>\r\n\t<article class=\"w-grid-item size_1x1 post-1818 attachment type-attachment status-inherit hentry\" data-id=\"1818\">\r\n\t\t<div class=\"w-grid-item-h\">\r\n\t\t\t\t\t\t\t<a ref=\"magnificPopupGrid\" href=\"https:\/\/www.mojstrovina.si\/wp-content\/uploads\/2016\/09\/merilnica-02.jpg\" class=\"w-grid-item-anchor\" aria-label=\"merilnica-02\"><\/a>\r\n\t\t\t\t\t\t<div class=\"w-post-elm post_image usg_post_image_1 stretched\"><img loading=\"lazy\" decoding=\"async\" width=\"600\" height=\"337\" src=\"https:\/\/www.mojstrovina.si\/wp-content\/uploads\/2016\/09\/merilnica-02.jpg\" class=\"attachment-us_600_600_crop size-us_600_600_crop\" alt=\"\" srcset=\"https:\/\/www.mojstrovina.si\/wp-content\/uploads\/2016\/09\/merilnica-02.jpg 1306w, https:\/\/www.mojstrovina.si\/wp-content\/uploads\/2016\/09\/merilnica-02-300x169.jpg 300w, https:\/\/www.mojstrovina.si\/wp-content\/uploads\/2016\/09\/merilnica-02-768x432.jpg 768w, https:\/\/www.mojstrovina.si\/wp-content\/uploads\/2016\/09\/merilnica-02-1024x576.jpg 1024w, https:\/\/www.mojstrovina.si\/wp-content\/uploads\/2016\/09\/merilnica-02-600x337.jpg 600w\" sizes=\"auto, (max-width: 600px) 100vw, 600px\" \/><\/div>\t\t<\/div>\r\n\t\t\t<\/article>\r\n\t<article class=\"w-grid-item size_1x1 post-1811 attachment type-attachment status-inherit hentry\" data-id=\"1811\">\r\n\t\t<div class=\"w-grid-item-h\">\r\n\t\t\t\t\t\t\t<a ref=\"magnificPopupGrid\" href=\"https:\/\/www.mojstrovina.si\/wp-content\/uploads\/2016\/09\/merilnica-01.jpg\" class=\"w-grid-item-anchor\" aria-label=\"merilnica-01\"><\/a>\r\n\t\t\t\t\t\t<div class=\"w-post-elm post_image usg_post_image_1 stretched\"><img loading=\"lazy\" decoding=\"async\" width=\"337\" height=\"600\" src=\"https:\/\/www.mojstrovina.si\/wp-content\/uploads\/2016\/09\/merilnica-01.jpg\" class=\"attachment-us_600_600_crop size-us_600_600_crop\" alt=\"\" srcset=\"https:\/\/www.mojstrovina.si\/wp-content\/uploads\/2016\/09\/merilnica-01.jpg 734w, https:\/\/www.mojstrovina.si\/wp-content\/uploads\/2016\/09\/merilnica-01-169x300.jpg 169w, https:\/\/www.mojstrovina.si\/wp-content\/uploads\/2016\/09\/merilnica-01-576x1024.jpg 576w, https:\/\/www.mojstrovina.si\/wp-content\/uploads\/2016\/09\/merilnica-01-600x1068.jpg 600w\" sizes=\"auto, (max-width: 337px) 100vw, 337px\" \/><\/div>\t\t<\/div>\r\n\t\t\t<\/article>\r\n<\/div>\t<div class=\"w-grid-preloader\">\r\n\t\t<div class=\"g-preloader type_1\">\r\n\t\t\t<div><\/div>\r\n\t\t<\/div>\r\n\t<\/div>\r\n\t\t<div class=\"w-grid-json hidden\" onclick='return {&quot;action&quot;:&quot;us_ajax_grid&quot;,&quot;infinite_scroll&quot;:0,&quot;max_num_pages&quot;:1,&quot;pagination&quot;:&quot;none&quot;,&quot;template_vars&quot;:{&quot;columns&quot;:&quot;2&quot;,&quot;exclude_items&quot;:&quot;none&quot;,&quot;img_size&quot;:&quot;us_600_600_crop&quot;,&quot;ignore_items_size&quot;:0,&quot;items_layout&quot;:&quot;gallery_default&quot;,&quot;items_offset&quot;:&quot;1&quot;,&quot;load_animation&quot;:&quot;none&quot;,&quot;overriding_link&quot;:&quot;%7B%22type%22%3A%22popup_image%22%7D&quot;,&quot;post_id&quot;:0,&quot;query_args&quot;:{&quot;post_type&quot;:[&quot;attachment&quot;],&quot;post__in&quot;:[&quot;2935&quot;,&quot;2941&quot;,&quot;1816&quot;,&quot;1809&quot;],&quot;post_status&quot;:&quot;inherit&quot;,&quot;post_mime_type&quot;:&quot;image&quot;,&quot;posts_per_page&quot;:999},&quot;orderby_query_args&quot;:{&quot;orderby&quot;:{&quot;post__in&quot;:&quot;ASC&quot;},&quot;order&quot;:&quot;ASC&quot;},&quot;type&quot;:&quot;grid&quot;,&quot;us_grid_post_type&quot;:&quot;attachment&quot;,&quot;us_grid_ajax_index&quot;:1,&quot;us_grid_filter_query_string&quot;:null,&quot;us_grid_index&quot;:1,&quot;page_args&quot;:[],&quot;lang&quot;:&quot;de&quot;}}'><\/div>\r\n\t<\/div><\/div><\/div><\/div><\/div><\/div><\/section><section class=\"l-section wpb_row height_medium\"><div class=\"l-section-h i-cf\"><div class=\"g-cols vc_row via_flex valign_top type_default stacking_default\"><div class=\"vc_col-sm-12 wpb_column vc_column_container\"><div class=\"vc_column-inner\"><div class=\"wpb_wrapper\"><div class=\"wpb_text_column\"><div class=\"wpb_wrapper\"><p>Um gr\u00f6\u00dfere Werkst\u00fccke zu messen, verwenden wir LASER LEICA ABSOLUTE TRACKER AT960, mit dem Werkst\u00fccke bis zu 60 Meter L\u00e4nge vermessen werden k\u00f6nnen. Der Lasertracker gew\u00e4hrleistet eine genaue Messung bei einer L\u00e4nge von 6 m bis zu 0,03 mm. Die PolyWorks\u00ae-Software erm\u00f6glicht uns auch das Scannen von 3D-Werkst\u00fccken.<\/p>\n<\/div><\/div><div class=\"w-grid us_grid type_grid layout_gallery_default cols_3 preload_style_spinner\" id=\"us_grid_2\" style=\"--columns:3;--gap:1.5rem;\" data-filterable=\"true\"><style>@media (max-width:1024px){#us_grid_2{--columns:2!important}}@media (max-width:600px){#us_grid_2{--columns:1!important}}<\/style><div class=\"w-grid-list\">\t<article class=\"w-grid-item size_1x1 post-3395 attachment type-attachment status-inherit hentry\" data-id=\"3395\">\r\n\t\t<div class=\"w-grid-item-h\">\r\n\t\t\t\t\t\t<div class=\"w-post-elm post_image usg_post_image_1 stretched\"><img loading=\"lazy\" decoding=\"async\" width=\"179\" height=\"281\" src=\"https:\/\/www.mojstrovina.si\/wp-content\/uploads\/2019\/05\/laser-tracker-mojstrovina-01.jpg\" class=\"attachment-large size-large\" alt=\"\" \/><\/div>\t\t<\/div>\r\n\t\t\t<\/article>\r\n\t<article class=\"w-grid-item size_1x1 post-3398 attachment type-attachment status-inherit hentry\" data-id=\"3398\">\r\n\t\t<div class=\"w-grid-item-h\">\r\n\t\t\t\t\t\t<div class=\"w-post-elm post_image usg_post_image_1 stretched\"><img loading=\"lazy\" decoding=\"async\" width=\"1024\" height=\"576\" src=\"https:\/\/www.mojstrovina.si\/wp-content\/uploads\/2019\/05\/laser-tracker-mojstrovina-02-1024x576.jpg\" class=\"attachment-large size-large\" alt=\"\" srcset=\"https:\/\/www.mojstrovina.si\/wp-content\/uploads\/2019\/05\/laser-tracker-mojstrovina-02.jpg 1024w, https:\/\/www.mojstrovina.si\/wp-content\/uploads\/2019\/05\/laser-tracker-mojstrovina-02-300x169.jpg 300w, https:\/\/www.mojstrovina.si\/wp-content\/uploads\/2019\/05\/laser-tracker-mojstrovina-02-768x432.jpg 768w\" sizes=\"auto, (max-width: 1024px) 100vw, 1024px\" \/><\/div>\t\t<\/div>\r\n\t\t\t<\/article>\r\n<\/div>\t<div class=\"w-grid-preloader\">\r\n\t\t<div class=\"g-preloader type_1\">\r\n\t\t\t<div><\/div>\r\n\t\t<\/div>\r\n\t<\/div>\r\n\t\t<div class=\"w-grid-json hidden\" onclick='return {&quot;action&quot;:&quot;us_ajax_grid&quot;,&quot;infinite_scroll&quot;:0,&quot;max_num_pages&quot;:1,&quot;pagination&quot;:&quot;none&quot;,&quot;template_vars&quot;:{&quot;columns&quot;:&quot;3&quot;,&quot;exclude_items&quot;:&quot;none&quot;,&quot;img_size&quot;:&quot;default&quot;,&quot;ignore_items_size&quot;:0,&quot;items_layout&quot;:&quot;gallery_default&quot;,&quot;items_offset&quot;:&quot;1&quot;,&quot;load_animation&quot;:&quot;none&quot;,&quot;overriding_link&quot;:&quot;{\\&quot;url\\&quot;:\\&quot;\\&quot;}&quot;,&quot;post_id&quot;:0,&quot;query_args&quot;:{&quot;post_type&quot;:[&quot;attachment&quot;],&quot;post__in&quot;:[&quot;3395&quot;,&quot;3398&quot;],&quot;post_status&quot;:&quot;inherit&quot;,&quot;post_mime_type&quot;:&quot;image&quot;,&quot;posts_per_page&quot;:&quot;10&quot;},&quot;orderby_query_args&quot;:{&quot;orderby&quot;:{&quot;post__in&quot;:&quot;ASC&quot;},&quot;order&quot;:&quot;ASC&quot;},&quot;type&quot;:&quot;grid&quot;,&quot;us_grid_post_type&quot;:&quot;attachment&quot;,&quot;us_grid_ajax_index&quot;:2,&quot;us_grid_filter_query_string&quot;:null,&quot;us_grid_index&quot;:2,&quot;page_args&quot;:[],&quot;lang&quot;:&quot;de&quot;}}'><\/div>\r\n\t<\/div><\/div><\/div><\/div><\/div><\/div><\/section>\n","protected":false},"excerpt":{"rendered":"","protected":false},"author":1,"featured_media":0,"parent":2046,"menu_order":0,"comment_status":"closed","ping_status":"closed","template":"","meta":{"footnotes":""},"class_list":["post-2051","page","type-page","status-publish","hentry"],"_links":{"self":[{"href":"https:\/\/www.mojstrovina.si\/de\/wp-json\/wp\/v2\/pages\/2051","targetHints":{"allow":["GET"]}}],"collection":[{"href":"https:\/\/www.mojstrovina.si\/de\/wp-json\/wp\/v2\/pages"}],"about":[{"href":"https:\/\/www.mojstrovina.si\/de\/wp-json\/wp\/v2\/types\/page"}],"author":[{"embeddable":true,"href":"https:\/\/www.mojstrovina.si\/de\/wp-json\/wp\/v2\/users\/1"}],"replies":[{"embeddable":true,"href":"https:\/\/www.mojstrovina.si\/de\/wp-json\/wp\/v2\/comments?post=2051"}],"version-history":[{"count":0,"href":"https:\/\/www.mojstrovina.si\/de\/wp-json\/wp\/v2\/pages\/2051\/revisions"}],"up":[{"embeddable":true,"href":"https:\/\/www.mojstrovina.si\/de\/wp-json\/wp\/v2\/pages\/2046"}],"wp:attachment":[{"href":"https:\/\/www.mojstrovina.si\/de\/wp-json\/wp\/v2\/media?parent=2051"}],"curies":[{"name":"wp","href":"https:\/\/api.w.org\/{rel}","templated":true}]}}