{"id":2046,"date":"2016-09-20T07:44:00","date_gmt":"2016-09-20T05:44:00","guid":{"rendered":"https:\/\/www.mojstrovina.si\/de\/kakovost\/"},"modified":"2021-01-11T06:45:53","modified_gmt":"2021-01-11T05:45:53","slug":"qualitaet","status":"publish","type":"page","link":"https:\/\/www.mojstrovina.si\/de\/qualitaet\/","title":{"rendered":"Qualit\u00e4t"},"content":{"rendered":"<section class=\"l-section wpb_row height_medium\"><div class=\"l-section-h i-cf\"><div class=\"g-cols vc_row via_flex valign_top type_default stacking_default\"><div class=\"vc_col-sm-12 wpb_column vc_column_container\"><div class=\"vc_column-inner\"><div class=\"wpb_wrapper\"><div class=\"wpb_text_column\"><div class=\"wpb_wrapper\"><p><span lang=\"DE\">In der Firma Mojstrovina, d.o.o. sind Pr\u00e4zision und Qualit\u00e4t an erster Stelle. Das best\u00e4tigen wir auch mit ISO 9001:2015 und 14001: 2015 Standard von deutschen Wirtschaftspr\u00fcfer T\u00dcV S\u00dcD, der f\u00fcr erfolgreiche und wettbewerbsf\u00e4hige Gesch\u00e4fte den internationalen Qualit\u00e4tsstandard darstellen. Jedes Jahr best\u00e4tigte Beurteilung von der Seite der Zertifizierungsstelle und zertifizierte Bewertung von unseren Kunden mehrmals pro Jahr, beweisen wir, dass unsere Arbeit das Ergebnis der Pr\u00e4zision und der Qualit\u00e4t ist. Die wird versucht mit der t\u00e4glichen Verbesserung auf das h\u00f6chste Niveau zu bringen.<\/span><\/p>\n<\/div><\/div><div class=\"wpb_text_column\"><div class=\"wpb_wrapper\"><h2>QUALIT\u00c4TS &#8211; UND UMWELTMANAGEMENT POLITIK VON UNTERNEHMEN MOJSTROVINA, D.O.O. UND MOJSTROVINA CNC, D.O.O.<\/h2>\n<p>Unsere Vision ist es, eine der f\u00fchrenden CNC-Dienstleister in unserem Land und anderswo sein. Wir sind uns bewusst, dass die Qualit\u00e4t aller Prozesse eine notwendige Voraussetzung ist, um ein mutiges Ziel zu erreichen, und deshalb legen wir gro\u00dfen Wert auf das Managementsystem.<\/p>\n<p><strong>Unser Verst\u00e4ndnis des Managementsystems kann in einigen Prinzipien zusammengefasst werden:<\/strong><\/p>\n<ul>\n<li>Qualit\u00e4t ist nichts anderes als die Einhaltung von Kundenanforderungen, identifizierbaren Standards und gesetzlichen Anforderungen;<\/li>\n<li>Unsere Dienstleistungen m\u00fcssen die Kundenerwartungen voll erf\u00fcllen. Der Kunde ist unser Partner, seine Zufriedenheit ist Voraussetzung f\u00fcr unseren Erfolg;<\/li>\n<li>Die Qualit\u00e4t unserer Dienstleistungen h\u00e4ngt von der Qualit\u00e4t der Produkte und Dienstleistungen unserer Lieferanten ab.  Mit den Lieferanten wollen wir ein partnerschaftliches Verh\u00e4ltnis haben;<\/li>\n<li>Die Qualit\u00e4t unserer Produkte h\u00e4ngt von allen Mitarbeitern im Unternehmen Mojstrovina, d.o.o. und Mojstrovina CNC, d.o.o. ab.  Nur qualifizierte, zufriedene und motivierte Mitarbeiter k\u00f6nnen die Qualit\u00e4t unserer Dienstleistungen entwickeln, herstellen und verbessern;<\/li>\n<li>Die Zufriedenheit der Eigent\u00fcmer ist eine Grundvoraussetzung f\u00fcr die Existenz beider Unternehmen. Zufriedene Partner erm\u00f6glichen es uns, die Ressourcen f\u00fcr die Entwicklung und den Fortschritt von beiden Firmen;<\/li>\n<li>Qualit\u00e4tspolitik und <span style=\"color: #339966;\"><strong>Umweltpolitik<\/strong><\/span> sind mit Ausbildung verbunden, deshalb pflegen und erweitern Management und Mitarbeiter unser Wissen, das wir auch diese an neue Mitarbeiter weitergeben;<\/li>\n<li>zaposleni vzdr\u017eujemo in raz\u0161irjamo svoje znanje, ki ga prena\u0161amo tudi na novo zaposlene<\/li>\n<li><strong><span style=\"color: #339966;\">Die Umweltpolitik ist gebunden auf das Minimum technologisch m\u00f6glichen Menge von Emissionen in die Umwelt, wie zum Beispiel: verbrauchte K\u00fchlmittel und Schmierstoffe, Abwasser, Chemikalien, Ressourcenverbrauch pro Produktionseinheit  zu reduzieren und konsistenter Sammlung von n\u00fctzlichen und sch\u00e4dlichen Abf\u00e4llen als Nebenprodukte der Umsetzung von Aktivit\u00e4ten.<\/span><\/strong><\/li>\n<\/ul>\n<p>Da die Ergebnisse nur eine klare und systematische Arbeitsweise des gesamten Managementsystems bringen k\u00f6nnen, folgen wir folgenden Grunds\u00e4tzen:<\/p>\n<ul>\n<li>Wir bem\u00fchen uns, Dienstleistungen ohne gr\u00f6\u00dfere Vorhersagefehler auszuf\u00fchren;<\/li>\n<li>Wir haben den Status eines \u201ef\u00e4higen und zuverl\u00e4ssigen Auftragnehmers\u201c bei unseren Kunden;<\/li>\n<li>Keine Verletzungen bei der Arbeit.<\/li>\n<\/ul>\n<p>Um langfristige Gesch\u00e4ftsziele zu erreichen verpflichten wir uns:<\/p>\n<ul>\n<li>Jahresziele von Qualit\u00e4ts- und <strong><span style=\"color: #339966;\">Umweltmanagement<\/span><\/strong>planen, diese regelm\u00e4\u00dfig \u00fcberwachen und Ma\u00dfnahmen ergreifen, in \u00dcbereinstimmung mit dem System und Befugnissen im Fall von Abweichungen;<\/li>\n<li>Die Qualit\u00e4ts- und <strong><span style=\"color: #339966;\">Umweltpolitik<\/span><\/strong> von Seite aller Mitarbeiter kennen und verstehen, in \u00dcbereinstimmung mit seiner eigenen Rolle im Managementsystem;<\/li>\n<li><strong><span style=\"color: #339966;\">Die Umweltpolitik wird allen Beteiligten bekannt gemacht;<\/span><\/strong><\/li>\n<li>SVK und <strong><span style=\"color: #339966;\">SRO<\/span><\/strong> kontinuierlich dokumentiert aktualisieren, \u00e4ndern und anpassen mit dem Ziel, um sie noch effektiver zu machen;<\/li>\n<li>F\u00fcr die \u00d6ffentlichkeit und Transparenz unserer Definitionen sorgen, \u00f6ffentliche Kritik (von Gesch\u00e4ftspartner und von breiterer Gemeinschaft) zu erhalten und in gr\u00f6\u00dftm\u00f6glichem Umfang zu ber\u00fccksichtigen und in unser Managementsystem einzubeziehen.<\/li>\n<li>Wir verpflichten uns f\u00fcr die Vermeidung von Umweltverschmutzung;<\/li>\n<li>Wir verpflichten uns, gesetzliche und andere Anforderungen zu erf\u00fcllen;<\/li>\n<li>Wir sind auf eine kontinuierliche Verbesserung des Systems verpflichtet.<\/li>\n<\/ul>\n<p>Wir sind \u00fcberzeugt, dass die Qualit\u00e4t war und ist unser st\u00e4rkstes Argument im Wettbewerb auf dem anspruchsvollen und Preisen sensitiven Markt. <strong><span style=\"color: #339966;\">Ein Fokus auf sorgf\u00e4ltiges Umweltmanagement ist ein Argument f\u00fcr neue und bestehende Kunden.<\/span><\/strong><\/p>\n<\/div><\/div><div class=\"w-separator size_custom\" style=\"height:35px\"><\/div><div class=\"w-grid us_grid type_grid layout_gallery_default no_results cols_2 preload_style_spinner\" id=\"us_grid_1\" style=\"--columns:2;--gap:4px;\" data-filterable=\"true\"><style>.layout_gallery_default .w-grid-item-h{}<\/style><div class=\"w-grid-list\"><\/div>\t<div class=\"w-grid-preloader\">\r\n\t\t<div class=\"g-preloader type_1\">\r\n\t\t\t<div><\/div>\r\n\t\t<\/div>\r\n\t<\/div>\r\n\t\t<div class=\"w-grid-json hidden\" onclick='return {&quot;action&quot;:&quot;us_ajax_grid&quot;,&quot;infinite_scroll&quot;:0,&quot;max_num_pages&quot;:0,&quot;pagination&quot;:&quot;none&quot;,&quot;template_vars&quot;:{&quot;columns&quot;:&quot;2&quot;,&quot;exclude_items&quot;:&quot;none&quot;,&quot;img_size&quot;:&quot;us_768_0&quot;,&quot;ignore_items_size&quot;:0,&quot;items_layout&quot;:&quot;gallery_default&quot;,&quot;items_offset&quot;:&quot;1&quot;,&quot;load_animation&quot;:&quot;none&quot;,&quot;overriding_link&quot;:&quot;%7B%22type%22%3A%22popup_image%22%7D&quot;,&quot;post_id&quot;:0,&quot;query_args&quot;:{&quot;post_type&quot;:[&quot;attachment&quot;],&quot;post__in&quot;:[&quot;3693&quot;,&quot;3684&quot;],&quot;post_status&quot;:&quot;inherit&quot;,&quot;post_mime_type&quot;:&quot;image&quot;,&quot;posts_per_page&quot;:999},&quot;orderby_query_args&quot;:{&quot;orderby&quot;:{&quot;post__in&quot;:&quot;ASC&quot;},&quot;order&quot;:&quot;ASC&quot;},&quot;type&quot;:&quot;grid&quot;,&quot;us_grid_post_type&quot;:&quot;attachment&quot;,&quot;us_grid_ajax_index&quot;:1,&quot;us_grid_filter_query_string&quot;:null,&quot;us_grid_index&quot;:1,&quot;page_args&quot;:[],&quot;lang&quot;:&quot;de&quot;}}'><\/div>\r\n\t<\/div><div class=\"w-grid-none type_message\">Es wurden keine Ergebnisse gefunden.<\/div><\/div><\/div><\/div><\/div><\/div><\/section>\n","protected":false},"excerpt":{"rendered":"In der Firma Mojstrovina, d.o.o. sind Pr\u00e4zision und Qualit\u00e4t an erster Stelle. Das best\u00e4tigen wir auch mit ISO 9001:2015 und 14001: 2015 Standard von deutschen Wirtschaftspr\u00fcfer T\u00dcV S\u00dcD, der f\u00fcr erfolgreiche und wettbewerbsf\u00e4hige Gesch\u00e4fte den internationalen Qualit\u00e4tsstandard darstellen. Jedes Jahr best\u00e4tigte Beurteilung von der Seite der Zertifizierungsstelle und zertifizierte Bewertung von unseren Kunden mehrmals pro...","protected":false},"author":1,"featured_media":0,"parent":0,"menu_order":0,"comment_status":"closed","ping_status":"closed","template":"","meta":{"footnotes":""},"class_list":["post-2046","page","type-page","status-publish","hentry"],"_links":{"self":[{"href":"https:\/\/www.mojstrovina.si\/de\/wp-json\/wp\/v2\/pages\/2046","targetHints":{"allow":["GET"]}}],"collection":[{"href":"https:\/\/www.mojstrovina.si\/de\/wp-json\/wp\/v2\/pages"}],"about":[{"href":"https:\/\/www.mojstrovina.si\/de\/wp-json\/wp\/v2\/types\/page"}],"author":[{"embeddable":true,"href":"https:\/\/www.mojstrovina.si\/de\/wp-json\/wp\/v2\/users\/1"}],"replies":[{"embeddable":true,"href":"https:\/\/www.mojstrovina.si\/de\/wp-json\/wp\/v2\/comments?post=2046"}],"version-history":[{"count":0,"href":"https:\/\/www.mojstrovina.si\/de\/wp-json\/wp\/v2\/pages\/2046\/revisions"}],"wp:attachment":[{"href":"https:\/\/www.mojstrovina.si\/de\/wp-json\/wp\/v2\/media?parent=2046"}],"curies":[{"name":"wp","href":"https:\/\/api.w.org\/{rel}","templated":true}]}}