{"id":1573,"date":"2015-08-23T21:37:31","date_gmt":"2015-08-23T19:37:31","guid":{"rendered":"https:\/\/www.mojstrovina.si\/de\/strojegradnja-in-storitve\/obdelava-odkovkov\/"},"modified":"2020-12-04T17:09:07","modified_gmt":"2020-12-04T16:09:07","slug":"bearbeitung-von-schmiedeteilen","status":"publish","type":"page","link":"https:\/\/www.mojstrovina.si\/de\/maschinenbau-und-leistungen\/bearbeitung-von-schmiedeteilen\/","title":{"rendered":"Bearbeitung von Schmiedeteilen"},"content":{"rendered":"<section class=\"l-section wpb_row height_medium\"><div class=\"l-section-h i-cf\"><div class=\"g-cols vc_row via_flex valign_top type_default stacking_default\"><div class=\"vc_col-sm-12 wpb_column vc_column_container\"><div class=\"vc_column-inner us_custom_6f060585\"><div class=\"wpb_wrapper\"><div class=\"wpb_text_column\"><div class=\"wpb_wrapper\"><h2>Bearbeitung von Schmiedeteilen<\/h2>\n<p>Ein Teil von T\u00e4tigkeiten der Firma Mojstrovina d. o. o. stellt die Bearbeitung von Schmiedeteilen vor. Nach Kundenw\u00fcnschen bearbeiten wir die Schmiedeteile verschiedener Formen und Gr\u00f6\u00dfen. In der Regel sind das Schmiedeteile f\u00fcr Motorr\u00e4der oder Automobilindustrie renommierten europ\u00e4ischen Herstellern.<\/p>\n<p>Mit eigener Konstruktion und Produktion konstruieren und fertigen wir die Spannvorrichtungen zur Bearbeitung von Schmiedeteilen. Die Schmiedeteile in der Regel an deutlich sichtbaren Stellen des Produkts, deswegen ist es f\u00fcr uns von gro\u00dfer Bedeutung, dass auf denen keine sichtbare Spuren von Spannung vorhanden sind.<\/p>\n<p>Mit unseren professionellen Bearbeitungswerkzeugen k\u00f6nnen wir auch durch den Auftraggeber in der Zeichnung vorgeschriebene enge Toleranzen erzielen. Schmiedeteile bieten wir mit Oberfl\u00e4chenschutz an (Eloxierung, Pulverbeschichtung, &#8230;), auf Wunsch des Kunden bearbeiten wir auch die Schmiedeteile aus Aluminium und Stahl.<\/p>\n<\/div><\/div><div class=\"w-grid us_grid type_grid layout_gallery_default cols_4 preload_style_spinner\" id=\"us_grid_1\" style=\"--columns:4;--gap:5px;\" data-filterable=\"true\"><style>@media (max-width:1280px){#us_grid_1{--columns:3!important}}@media (max-width:767px){#us_grid_1{--columns:3!important}}@media (max-width:479px){#us_grid_1{--columns:2!important}}.layout_gallery_default .w-grid-item-h{}<\/style><div class=\"w-grid-list\">\t<article class=\"w-grid-item size_1x1 post-452 attachment type-attachment status-inherit hentry\" data-id=\"452\">\r\n\t\t<div class=\"w-grid-item-h\">\r\n\t\t\t\t\t\t\t<a ref=\"magnificPopupGrid\" href=\"https:\/\/www.mojstrovina.si\/wp-content\/uploads\/2015\/07\/obdelava-odkovkov.jpg\" class=\"w-grid-item-anchor\" aria-label=\"obdelava-odkovkov\"><\/a>\r\n\t\t\t\t\t\t<div class=\"w-post-elm post_image usg_post_image_1 stretched\"><img loading=\"lazy\" decoding=\"async\" width=\"350\" height=\"263\" src=\"https:\/\/www.mojstrovina.si\/wp-content\/uploads\/2015\/07\/obdelava-odkovkov.jpg\" class=\"attachment-us_350_350_crop size-us_350_350_crop\" alt=\"\" srcset=\"https:\/\/www.mojstrovina.si\/wp-content\/uploads\/2015\/07\/obdelava-odkovkov.jpg 1000w, https:\/\/www.mojstrovina.si\/wp-content\/uploads\/2015\/07\/obdelava-odkovkov-300x225.jpg 300w, https:\/\/www.mojstrovina.si\/wp-content\/uploads\/2015\/07\/obdelava-odkovkov-600x450.jpg 600w\" sizes=\"auto, (max-width: 350px) 100vw, 350px\" \/><\/div>\t\t<\/div>\r\n\t\t\t<\/article>\r\n\t<article class=\"w-grid-item size_1x1 post-458 attachment type-attachment status-inherit hentry\" data-id=\"458\">\r\n\t\t<div class=\"w-grid-item-h\">\r\n\t\t\t\t\t\t\t<a ref=\"magnificPopupGrid\" href=\"https:\/\/www.mojstrovina.si\/wp-content\/uploads\/2015\/07\/obdelava-odkovkov-2.jpg\" class=\"w-grid-item-anchor\" aria-label=\"obdelava-odkovkov-2\"><\/a>\r\n\t\t\t\t\t\t<div class=\"w-post-elm post_image usg_post_image_1 stretched\"><img loading=\"lazy\" decoding=\"async\" width=\"350\" height=\"263\" src=\"https:\/\/www.mojstrovina.si\/wp-content\/uploads\/2015\/07\/obdelava-odkovkov-2.jpg\" class=\"attachment-us_350_350_crop size-us_350_350_crop\" alt=\"\" srcset=\"https:\/\/www.mojstrovina.si\/wp-content\/uploads\/2015\/07\/obdelava-odkovkov-2.jpg 1000w, https:\/\/www.mojstrovina.si\/wp-content\/uploads\/2015\/07\/obdelava-odkovkov-2-300x225.jpg 300w, https:\/\/www.mojstrovina.si\/wp-content\/uploads\/2015\/07\/obdelava-odkovkov-2-600x450.jpg 600w\" sizes=\"auto, (max-width: 350px) 100vw, 350px\" \/><\/div>\t\t<\/div>\r\n\t\t\t<\/article>\r\n\t<article class=\"w-grid-item size_1x1 post-464 attachment type-attachment status-inherit hentry\" data-id=\"464\">\r\n\t\t<div class=\"w-grid-item-h\">\r\n\t\t\t\t\t\t\t<a ref=\"magnificPopupGrid\" href=\"https:\/\/www.mojstrovina.si\/wp-content\/uploads\/2015\/07\/obdelava-odkovkov-3.jpg\" class=\"w-grid-item-anchor\" aria-label=\"obdelava-odkovkov-3\"><\/a>\r\n\t\t\t\t\t\t<div class=\"w-post-elm post_image usg_post_image_1 stretched\"><img loading=\"lazy\" decoding=\"async\" width=\"350\" height=\"263\" src=\"https:\/\/www.mojstrovina.si\/wp-content\/uploads\/2015\/07\/obdelava-odkovkov-3.jpg\" class=\"attachment-us_350_350_crop size-us_350_350_crop\" alt=\"\" srcset=\"https:\/\/www.mojstrovina.si\/wp-content\/uploads\/2015\/07\/obdelava-odkovkov-3.jpg 1000w, https:\/\/www.mojstrovina.si\/wp-content\/uploads\/2015\/07\/obdelava-odkovkov-3-300x225.jpg 300w, https:\/\/www.mojstrovina.si\/wp-content\/uploads\/2015\/07\/obdelava-odkovkov-3-600x450.jpg 600w\" sizes=\"auto, (max-width: 350px) 100vw, 350px\" \/><\/div>\t\t<\/div>\r\n\t\t\t<\/article>\r\n\t<article class=\"w-grid-item size_1x1 post-846 attachment type-attachment status-inherit hentry\" data-id=\"846\">\r\n\t\t<div class=\"w-grid-item-h\">\r\n\t\t\t\t\t\t\t<a ref=\"magnificPopupGrid\" href=\"https:\/\/www.mojstrovina.si\/wp-content\/uploads\/2015\/08\/obdelava-odkovkov-4.jpg\" class=\"w-grid-item-anchor\" aria-label=\"obdelava-odkovkov-4\"><\/a>\r\n\t\t\t\t\t\t<div class=\"w-post-elm post_image usg_post_image_1 stretched\"><img loading=\"lazy\" decoding=\"async\" width=\"350\" height=\"263\" src=\"https:\/\/www.mojstrovina.si\/wp-content\/uploads\/2015\/08\/obdelava-odkovkov-4.jpg\" class=\"attachment-us_350_350_crop size-us_350_350_crop\" alt=\"\" srcset=\"https:\/\/www.mojstrovina.si\/wp-content\/uploads\/2015\/08\/obdelava-odkovkov-4.jpg 1000w, https:\/\/www.mojstrovina.si\/wp-content\/uploads\/2015\/08\/obdelava-odkovkov-4-300x225.jpg 300w, https:\/\/www.mojstrovina.si\/wp-content\/uploads\/2015\/08\/obdelava-odkovkov-4-600x450.jpg 600w\" sizes=\"auto, (max-width: 350px) 100vw, 350px\" \/><\/div>\t\t<\/div>\r\n\t\t\t<\/article>\r\n\t<article class=\"w-grid-item size_1x1 post-852 attachment type-attachment status-inherit hentry\" data-id=\"852\">\r\n\t\t<div class=\"w-grid-item-h\">\r\n\t\t\t\t\t\t\t<a ref=\"magnificPopupGrid\" href=\"https:\/\/www.mojstrovina.si\/wp-content\/uploads\/2015\/08\/obdelava-odkovkov-5.jpg\" class=\"w-grid-item-anchor\" aria-label=\"obdelava-odkovkov-5\"><\/a>\r\n\t\t\t\t\t\t<div class=\"w-post-elm post_image usg_post_image_1 stretched\"><img loading=\"lazy\" decoding=\"async\" width=\"350\" height=\"263\" src=\"https:\/\/www.mojstrovina.si\/wp-content\/uploads\/2015\/08\/obdelava-odkovkov-5.jpg\" class=\"attachment-us_350_350_crop size-us_350_350_crop\" alt=\"\" srcset=\"https:\/\/www.mojstrovina.si\/wp-content\/uploads\/2015\/08\/obdelava-odkovkov-5.jpg 1000w, https:\/\/www.mojstrovina.si\/wp-content\/uploads\/2015\/08\/obdelava-odkovkov-5-300x225.jpg 300w, https:\/\/www.mojstrovina.si\/wp-content\/uploads\/2015\/08\/obdelava-odkovkov-5-600x450.jpg 600w\" sizes=\"auto, (max-width: 350px) 100vw, 350px\" \/><\/div>\t\t<\/div>\r\n\t\t\t<\/article>\r\n\t<article class=\"w-grid-item size_1x1 post-859 attachment type-attachment status-inherit hentry\" data-id=\"859\">\r\n\t\t<div class=\"w-grid-item-h\">\r\n\t\t\t\t\t\t\t<a ref=\"magnificPopupGrid\" href=\"https:\/\/www.mojstrovina.si\/wp-content\/uploads\/2015\/08\/obdelava-odkovkov-6.jpg\" class=\"w-grid-item-anchor\" aria-label=\"obdelava-odkovkov-6\"><\/a>\r\n\t\t\t\t\t\t<div class=\"w-post-elm post_image usg_post_image_1 stretched\"><img loading=\"lazy\" decoding=\"async\" width=\"350\" height=\"263\" src=\"https:\/\/www.mojstrovina.si\/wp-content\/uploads\/2015\/08\/obdelava-odkovkov-6.jpg\" class=\"attachment-us_350_350_crop size-us_350_350_crop\" alt=\"\" srcset=\"https:\/\/www.mojstrovina.si\/wp-content\/uploads\/2015\/08\/obdelava-odkovkov-6.jpg 1000w, https:\/\/www.mojstrovina.si\/wp-content\/uploads\/2015\/08\/obdelava-odkovkov-6-300x225.jpg 300w, https:\/\/www.mojstrovina.si\/wp-content\/uploads\/2015\/08\/obdelava-odkovkov-6-600x450.jpg 600w\" sizes=\"auto, (max-width: 350px) 100vw, 350px\" \/><\/div>\t\t<\/div>\r\n\t\t\t<\/article>\r\n\t<article class=\"w-grid-item size_1x1 post-4570 attachment type-attachment status-inherit hentry\" data-id=\"4570\">\r\n\t\t<div class=\"w-grid-item-h\">\r\n\t\t\t\t\t\t\t<a ref=\"magnificPopupGrid\" href=\"https:\/\/www.mojstrovina.si\/wp-content\/uploads\/2020\/12\/izdelava-zobnikov-04.jpg\" class=\"w-grid-item-anchor\" aria-label=\"izdelava-zobnikov-04\"><\/a>\r\n\t\t\t\t\t\t<div class=\"w-post-elm post_image usg_post_image_1 stretched\"><img loading=\"lazy\" decoding=\"async\" width=\"350\" height=\"350\" src=\"https:\/\/www.mojstrovina.si\/wp-content\/uploads\/2020\/12\/izdelava-zobnikov-04-350x350.jpg\" class=\"attachment-us_350_350_crop size-us_350_350_crop\" alt=\"\" srcset=\"https:\/\/www.mojstrovina.si\/wp-content\/uploads\/2020\/12\/izdelava-zobnikov-04-350x350.jpg 350w, https:\/\/www.mojstrovina.si\/wp-content\/uploads\/2020\/12\/izdelava-zobnikov-04-150x150.jpg 150w\" sizes=\"auto, (max-width: 350px) 100vw, 350px\" \/><\/div>\t\t<\/div>\r\n\t\t\t<\/article>\r\n\t<article class=\"w-grid-item size_1x1 post-4567 attachment type-attachment status-inherit hentry\" data-id=\"4567\">\r\n\t\t<div class=\"w-grid-item-h\">\r\n\t\t\t\t\t\t\t<a ref=\"magnificPopupGrid\" href=\"https:\/\/www.mojstrovina.si\/wp-content\/uploads\/2020\/12\/izdelava-zobnikov-03_1.jpg\" class=\"w-grid-item-anchor\" aria-label=\"izdelava-zobnikov-03_1\"><\/a>\r\n\t\t\t\t\t\t<div class=\"w-post-elm post_image usg_post_image_1 stretched\"><img loading=\"lazy\" decoding=\"async\" width=\"350\" height=\"350\" src=\"https:\/\/www.mojstrovina.si\/wp-content\/uploads\/2020\/12\/izdelava-zobnikov-03_1-350x350.jpg\" class=\"attachment-us_350_350_crop size-us_350_350_crop\" alt=\"\" srcset=\"https:\/\/www.mojstrovina.si\/wp-content\/uploads\/2020\/12\/izdelava-zobnikov-03_1-350x350.jpg 350w, https:\/\/www.mojstrovina.si\/wp-content\/uploads\/2020\/12\/izdelava-zobnikov-03_1-150x150.jpg 150w\" sizes=\"auto, (max-width: 350px) 100vw, 350px\" \/><\/div>\t\t<\/div>\r\n\t\t\t<\/article>\r\n\t<article class=\"w-grid-item size_1x1 post-4564 attachment type-attachment status-inherit hentry\" data-id=\"4564\">\r\n\t\t<div class=\"w-grid-item-h\">\r\n\t\t\t\t\t\t\t<a ref=\"magnificPopupGrid\" href=\"https:\/\/www.mojstrovina.si\/wp-content\/uploads\/2020\/12\/izdelava-zobnikov-02_1.jpg\" class=\"w-grid-item-anchor\" aria-label=\"izdelava-zobnikov-02_1\"><\/a>\r\n\t\t\t\t\t\t<div class=\"w-post-elm post_image usg_post_image_1 stretched\"><img loading=\"lazy\" decoding=\"async\" width=\"350\" height=\"350\" src=\"https:\/\/www.mojstrovina.si\/wp-content\/uploads\/2020\/12\/izdelava-zobnikov-02_1-350x350.jpg\" class=\"attachment-us_350_350_crop size-us_350_350_crop\" alt=\"\" srcset=\"https:\/\/www.mojstrovina.si\/wp-content\/uploads\/2020\/12\/izdelava-zobnikov-02_1-350x350.jpg 350w, https:\/\/www.mojstrovina.si\/wp-content\/uploads\/2020\/12\/izdelava-zobnikov-02_1-150x150.jpg 150w\" sizes=\"auto, (max-width: 350px) 100vw, 350px\" \/><\/div>\t\t<\/div>\r\n\t\t\t<\/article>\r\n\t<article class=\"w-grid-item size_1x1 post-4561 attachment type-attachment status-inherit hentry\" data-id=\"4561\">\r\n\t\t<div class=\"w-grid-item-h\">\r\n\t\t\t\t\t\t\t<a ref=\"magnificPopupGrid\" href=\"https:\/\/www.mojstrovina.si\/wp-content\/uploads\/2020\/12\/izdelava-zobnikov-01_1.jpg\" class=\"w-grid-item-anchor\" aria-label=\"izdelava-zobnikov-01_1\"><\/a>\r\n\t\t\t\t\t\t<div class=\"w-post-elm post_image usg_post_image_1 stretched\"><img loading=\"lazy\" decoding=\"async\" width=\"350\" height=\"350\" src=\"https:\/\/www.mojstrovina.si\/wp-content\/uploads\/2020\/12\/izdelava-zobnikov-01_1-350x350.jpg\" class=\"attachment-us_350_350_crop size-us_350_350_crop\" alt=\"\" srcset=\"https:\/\/www.mojstrovina.si\/wp-content\/uploads\/2020\/12\/izdelava-zobnikov-01_1-350x350.jpg 350w, https:\/\/www.mojstrovina.si\/wp-content\/uploads\/2020\/12\/izdelava-zobnikov-01_1-150x150.jpg 150w\" sizes=\"auto, (max-width: 350px) 100vw, 350px\" \/><\/div>\t\t<\/div>\r\n\t\t\t<\/article>\r\n<\/div>\t<div class=\"w-grid-preloader\">\r\n\t\t<div class=\"g-preloader type_1\">\r\n\t\t\t<div><\/div>\r\n\t\t<\/div>\r\n\t<\/div>\r\n\t\t<div class=\"w-grid-json hidden\" onclick='return {&quot;action&quot;:&quot;us_ajax_grid&quot;,&quot;infinite_scroll&quot;:0,&quot;max_num_pages&quot;:1,&quot;pagination&quot;:&quot;none&quot;,&quot;template_vars&quot;:{&quot;columns&quot;:&quot;4&quot;,&quot;exclude_items&quot;:&quot;none&quot;,&quot;img_size&quot;:&quot;us_350_350_crop&quot;,&quot;ignore_items_size&quot;:0,&quot;items_layout&quot;:&quot;gallery_default&quot;,&quot;items_offset&quot;:&quot;1&quot;,&quot;load_animation&quot;:&quot;none&quot;,&quot;overriding_link&quot;:&quot;%7B%22type%22%3A%22popup_image%22%7D&quot;,&quot;post_id&quot;:0,&quot;query_args&quot;:{&quot;post_type&quot;:[&quot;attachment&quot;],&quot;post__in&quot;:[&quot;450&quot;,&quot;456&quot;,&quot;462&quot;,&quot;844&quot;,&quot;850&quot;,&quot;857&quot;,&quot;4570&quot;,&quot;4567&quot;,&quot;4564&quot;,&quot;4561&quot;],&quot;post_status&quot;:&quot;inherit&quot;,&quot;post_mime_type&quot;:&quot;image&quot;,&quot;posts_per_page&quot;:999},&quot;orderby_query_args&quot;:{&quot;orderby&quot;:{&quot;post__in&quot;:&quot;ASC&quot;},&quot;order&quot;:&quot;ASC&quot;},&quot;type&quot;:&quot;grid&quot;,&quot;us_grid_post_type&quot;:&quot;attachment&quot;,&quot;us_grid_ajax_index&quot;:1,&quot;us_grid_filter_query_string&quot;:null,&quot;us_grid_index&quot;:1,&quot;page_args&quot;:[],&quot;lang&quot;:&quot;de&quot;}}'><\/div>\r\n\t<\/div><\/div><\/div><\/div><\/div><\/div><\/section>\n","protected":false},"excerpt":{"rendered":"","protected":false},"author":1,"featured_media":0,"parent":1554,"menu_order":0,"comment_status":"closed","ping_status":"closed","template":"","meta":{"footnotes":""},"class_list":["post-1573","page","type-page","status-publish","hentry"],"_links":{"self":[{"href":"https:\/\/www.mojstrovina.si\/de\/wp-json\/wp\/v2\/pages\/1573","targetHints":{"allow":["GET"]}}],"collection":[{"href":"https:\/\/www.mojstrovina.si\/de\/wp-json\/wp\/v2\/pages"}],"about":[{"href":"https:\/\/www.mojstrovina.si\/de\/wp-json\/wp\/v2\/types\/page"}],"author":[{"embeddable":true,"href":"https:\/\/www.mojstrovina.si\/de\/wp-json\/wp\/v2\/users\/1"}],"replies":[{"embeddable":true,"href":"https:\/\/www.mojstrovina.si\/de\/wp-json\/wp\/v2\/comments?post=1573"}],"version-history":[{"count":0,"href":"https:\/\/www.mojstrovina.si\/de\/wp-json\/wp\/v2\/pages\/1573\/revisions"}],"up":[{"embeddable":true,"href":"https:\/\/www.mojstrovina.si\/de\/wp-json\/wp\/v2\/pages\/1554"}],"wp:attachment":[{"href":"https:\/\/www.mojstrovina.si\/de\/wp-json\/wp\/v2\/media?parent=1573"}],"curies":[{"name":"wp","href":"https:\/\/api.w.org\/{rel}","templated":true}]}}