{"id":1569,"date":"2015-08-23T21:44:59","date_gmt":"2015-08-23T19:44:59","guid":{"rendered":"https:\/\/www.mojstrovina.si\/de\/strojegradnja-in-storitve\/izdelava-strojnih-delov-po-narocilu\/"},"modified":"2020-12-15T15:19:45","modified_gmt":"2020-12-15T14:19:45","slug":"anfertigung-von-maschinenteilen","status":"publish","type":"page","link":"https:\/\/www.mojstrovina.si\/de\/maschinenbau-und-leistungen\/anfertigung-von-maschinenteilen\/","title":{"rendered":"Anfertigung von Maschinenteilen"},"content":{"rendered":"<section class=\"l-section wpb_row height_medium\"><div class=\"l-section-h i-cf\"><div class=\"g-cols vc_row via_flex valign_top type_default stacking_default\"><div class=\"vc_col-sm-12 wpb_column vc_column_container\"><div class=\"vc_column-inner us_custom_6f060585\"><div class=\"wpb_wrapper\"><div class=\"wpb_text_column\"><div class=\"wpb_wrapper\"><h2>Anfertigung von Maschinenteilen<\/h2>\n<p>In kurzm\u00f6glichster Reaktionszeit fertigen wir Maschinenteile nach Kundenzeichnungen, so die individuellen als auch Serienfertigungen. Breite Auswahl von Maschinen erm\u00f6glicht komplette Anfertigung von Maschinenteilen sowohl mit dem Oberfl\u00e4chenschutz (Lackieren,Verzinken,Vernickeln, Br\u00fcnieren, Eloxieren, Phosphatieren, Verchromen&#8230;), als auch mit der W\u00e4rmebehandlung (H\u00e4rten, Zementieren, Nitrieren&#8230;).<\/p>\n<\/div><\/div><div class=\"w-grid us_grid type_masonry layout_gallery_default cols_4 preload_style_spinner with_isotope\" id=\"us_grid_1\" style=\"--columns:4;--gap:5px;\" data-filterable=\"true\"><style>@media (max-width:1280px){#us_grid_1{--columns:3!important}}@media (max-width:767px){#us_grid_1{--columns:3!important}}@media (max-width:479px){#us_grid_1{--columns:2!important}}.layout_gallery_default .w-grid-item-h{}<\/style><div class=\"w-grid-list\">\t<article class=\"w-grid-item size_1x1 post-4543 attachment type-attachment status-inherit hentry\" data-id=\"4543\">\r\n\t\t<div class=\"w-grid-item-h\">\r\n\t\t\t\t\t\t\t<a ref=\"magnificPopupGrid\" href=\"https:\/\/www.mojstrovina.si\/wp-content\/uploads\/2020\/12\/izdelava-strojnih-delov-po-narocilu-13.jpg\" class=\"w-grid-item-anchor\" aria-label=\"izdelava-strojnih-delov-po-narocilu-13\"><\/a>\r\n\t\t\t\t\t\t<div class=\"w-post-elm post_image usg_post_image_1 stretched\"><img loading=\"lazy\" decoding=\"async\" width=\"350\" height=\"350\" src=\"https:\/\/www.mojstrovina.si\/wp-content\/uploads\/2020\/12\/izdelava-strojnih-delov-po-narocilu-13-350x350.jpg\" class=\"attachment-us_350_350_crop size-us_350_350_crop\" alt=\"\" srcset=\"https:\/\/www.mojstrovina.si\/wp-content\/uploads\/2020\/12\/izdelava-strojnih-delov-po-narocilu-13-350x350.jpg 350w, https:\/\/www.mojstrovina.si\/wp-content\/uploads\/2020\/12\/izdelava-strojnih-delov-po-narocilu-13-150x150.jpg 150w\" sizes=\"auto, (max-width: 350px) 100vw, 350px\" \/><\/div>\t\t<\/div>\r\n\t\t\t<\/article>\r\n\t<article class=\"w-grid-item size_1x1 post-4540 attachment type-attachment status-inherit hentry\" data-id=\"4540\">\r\n\t\t<div class=\"w-grid-item-h\">\r\n\t\t\t\t\t\t\t<a ref=\"magnificPopupGrid\" href=\"https:\/\/www.mojstrovina.si\/wp-content\/uploads\/2020\/12\/izdelava-strojnih-delov-po-narocilu-12.jpg\" class=\"w-grid-item-anchor\" aria-label=\"izdelava-strojnih-delov-po-narocilu-12\"><\/a>\r\n\t\t\t\t\t\t<div class=\"w-post-elm post_image usg_post_image_1 stretched\"><img loading=\"lazy\" decoding=\"async\" width=\"350\" height=\"350\" src=\"https:\/\/www.mojstrovina.si\/wp-content\/uploads\/2020\/12\/izdelava-strojnih-delov-po-narocilu-12-350x350.jpg\" class=\"attachment-us_350_350_crop size-us_350_350_crop\" alt=\"\" srcset=\"https:\/\/www.mojstrovina.si\/wp-content\/uploads\/2020\/12\/izdelava-strojnih-delov-po-narocilu-12-350x350.jpg 350w, https:\/\/www.mojstrovina.si\/wp-content\/uploads\/2020\/12\/izdelava-strojnih-delov-po-narocilu-12-150x150.jpg 150w, https:\/\/www.mojstrovina.si\/wp-content\/uploads\/2020\/12\/izdelava-strojnih-delov-po-narocilu-12-600x600.jpg 600w\" sizes=\"auto, (max-width: 350px) 100vw, 350px\" \/><\/div>\t\t<\/div>\r\n\t\t\t<\/article>\r\n\t<article class=\"w-grid-item size_1x1 post-4537 attachment type-attachment status-inherit hentry\" data-id=\"4537\">\r\n\t\t<div class=\"w-grid-item-h\">\r\n\t\t\t\t\t\t\t<a ref=\"magnificPopupGrid\" href=\"https:\/\/www.mojstrovina.si\/wp-content\/uploads\/2020\/12\/izdelava-strojnih-delov-po-narocilu-11.jpg\" class=\"w-grid-item-anchor\" aria-label=\"izdelava-strojnih-delov-po-narocilu-11\"><\/a>\r\n\t\t\t\t\t\t<div class=\"w-post-elm post_image usg_post_image_1 stretched\"><img loading=\"lazy\" decoding=\"async\" width=\"350\" height=\"350\" src=\"https:\/\/www.mojstrovina.si\/wp-content\/uploads\/2020\/12\/izdelava-strojnih-delov-po-narocilu-11-350x350.jpg\" class=\"attachment-us_350_350_crop size-us_350_350_crop\" alt=\"\" srcset=\"https:\/\/www.mojstrovina.si\/wp-content\/uploads\/2020\/12\/izdelava-strojnih-delov-po-narocilu-11-350x350.jpg 350w, https:\/\/www.mojstrovina.si\/wp-content\/uploads\/2020\/12\/izdelava-strojnih-delov-po-narocilu-11-150x150.jpg 150w, https:\/\/www.mojstrovina.si\/wp-content\/uploads\/2020\/12\/izdelava-strojnih-delov-po-narocilu-11-600x600.jpg 600w\" sizes=\"auto, (max-width: 350px) 100vw, 350px\" \/><\/div>\t\t<\/div>\r\n\t\t\t<\/article>\r\n\t<article class=\"w-grid-item size_1x1 post-4534 attachment type-attachment status-inherit hentry\" data-id=\"4534\">\r\n\t\t<div class=\"w-grid-item-h\">\r\n\t\t\t\t\t\t\t<a ref=\"magnificPopupGrid\" href=\"https:\/\/www.mojstrovina.si\/wp-content\/uploads\/2020\/12\/izdelava-strojnih-delov-po-narocilu-10.jpg\" class=\"w-grid-item-anchor\" aria-label=\"izdelava-strojnih-delov-po-narocilu-10\"><\/a>\r\n\t\t\t\t\t\t<div class=\"w-post-elm post_image usg_post_image_1 stretched\"><img loading=\"lazy\" decoding=\"async\" width=\"350\" height=\"350\" src=\"https:\/\/www.mojstrovina.si\/wp-content\/uploads\/2020\/12\/izdelava-strojnih-delov-po-narocilu-10-350x350.jpg\" class=\"attachment-us_350_350_crop size-us_350_350_crop\" alt=\"\" srcset=\"https:\/\/www.mojstrovina.si\/wp-content\/uploads\/2020\/12\/izdelava-strojnih-delov-po-narocilu-10-350x350.jpg 350w, https:\/\/www.mojstrovina.si\/wp-content\/uploads\/2020\/12\/izdelava-strojnih-delov-po-narocilu-10-150x150.jpg 150w, https:\/\/www.mojstrovina.si\/wp-content\/uploads\/2020\/12\/izdelava-strojnih-delov-po-narocilu-10-600x600.jpg 600w\" sizes=\"auto, (max-width: 350px) 100vw, 350px\" \/><\/div>\t\t<\/div>\r\n\t\t\t<\/article>\r\n\t<article class=\"w-grid-item size_1x1 post-4531 attachment type-attachment status-inherit hentry\" data-id=\"4531\">\r\n\t\t<div class=\"w-grid-item-h\">\r\n\t\t\t\t\t\t\t<a ref=\"magnificPopupGrid\" href=\"https:\/\/www.mojstrovina.si\/wp-content\/uploads\/2020\/12\/izdelava-strojnih-delov-po-narocilu-09.jpg\" class=\"w-grid-item-anchor\" aria-label=\"izdelava-strojnih-delov-po-narocilu-09\"><\/a>\r\n\t\t\t\t\t\t<div class=\"w-post-elm post_image usg_post_image_1 stretched\"><img loading=\"lazy\" decoding=\"async\" width=\"350\" height=\"350\" src=\"https:\/\/www.mojstrovina.si\/wp-content\/uploads\/2020\/12\/izdelava-strojnih-delov-po-narocilu-09-350x350.jpg\" class=\"attachment-us_350_350_crop size-us_350_350_crop\" alt=\"\" srcset=\"https:\/\/www.mojstrovina.si\/wp-content\/uploads\/2020\/12\/izdelava-strojnih-delov-po-narocilu-09-350x350.jpg 350w, https:\/\/www.mojstrovina.si\/wp-content\/uploads\/2020\/12\/izdelava-strojnih-delov-po-narocilu-09-150x150.jpg 150w, https:\/\/www.mojstrovina.si\/wp-content\/uploads\/2020\/12\/izdelava-strojnih-delov-po-narocilu-09-600x600.jpg 600w\" sizes=\"auto, (max-width: 350px) 100vw, 350px\" \/><\/div>\t\t<\/div>\r\n\t\t\t<\/article>\r\n\t<article class=\"w-grid-item size_1x1 post-4528 attachment type-attachment status-inherit hentry\" data-id=\"4528\">\r\n\t\t<div class=\"w-grid-item-h\">\r\n\t\t\t\t\t\t\t<a ref=\"magnificPopupGrid\" href=\"https:\/\/www.mojstrovina.si\/wp-content\/uploads\/2020\/12\/izdelava-strojnih-delov-po-narocilu-08.jpg\" class=\"w-grid-item-anchor\" aria-label=\"izdelava-strojnih-delov-po-narocilu-08\"><\/a>\r\n\t\t\t\t\t\t<div class=\"w-post-elm post_image usg_post_image_1 stretched\"><img loading=\"lazy\" decoding=\"async\" width=\"350\" height=\"350\" src=\"https:\/\/www.mojstrovina.si\/wp-content\/uploads\/2020\/12\/izdelava-strojnih-delov-po-narocilu-08-350x350.jpg\" class=\"attachment-us_350_350_crop size-us_350_350_crop\" alt=\"\" srcset=\"https:\/\/www.mojstrovina.si\/wp-content\/uploads\/2020\/12\/izdelava-strojnih-delov-po-narocilu-08-350x350.jpg 350w, https:\/\/www.mojstrovina.si\/wp-content\/uploads\/2020\/12\/izdelava-strojnih-delov-po-narocilu-08-150x150.jpg 150w, https:\/\/www.mojstrovina.si\/wp-content\/uploads\/2020\/12\/izdelava-strojnih-delov-po-narocilu-08-600x600.jpg 600w\" sizes=\"auto, (max-width: 350px) 100vw, 350px\" \/><\/div>\t\t<\/div>\r\n\t\t\t<\/article>\r\n\t<article class=\"w-grid-item size_1x1 post-4525 attachment type-attachment status-inherit hentry\" data-id=\"4525\">\r\n\t\t<div class=\"w-grid-item-h\">\r\n\t\t\t\t\t\t\t<a ref=\"magnificPopupGrid\" href=\"https:\/\/www.mojstrovina.si\/wp-content\/uploads\/2020\/12\/izdelava-strojnih-delov-po-narocilu-07.jpg\" class=\"w-grid-item-anchor\" aria-label=\"izdelava-strojnih-delov-po-narocilu-07\"><\/a>\r\n\t\t\t\t\t\t<div class=\"w-post-elm post_image usg_post_image_1 stretched\"><img loading=\"lazy\" decoding=\"async\" width=\"350\" height=\"350\" src=\"https:\/\/www.mojstrovina.si\/wp-content\/uploads\/2020\/12\/izdelava-strojnih-delov-po-narocilu-07-350x350.jpg\" class=\"attachment-us_350_350_crop size-us_350_350_crop\" alt=\"\" srcset=\"https:\/\/www.mojstrovina.si\/wp-content\/uploads\/2020\/12\/izdelava-strojnih-delov-po-narocilu-07-350x350.jpg 350w, https:\/\/www.mojstrovina.si\/wp-content\/uploads\/2020\/12\/izdelava-strojnih-delov-po-narocilu-07-150x150.jpg 150w, https:\/\/www.mojstrovina.si\/wp-content\/uploads\/2020\/12\/izdelava-strojnih-delov-po-narocilu-07-600x600.jpg 600w\" sizes=\"auto, (max-width: 350px) 100vw, 350px\" \/><\/div>\t\t<\/div>\r\n\t\t\t<\/article>\r\n\t<article class=\"w-grid-item size_1x1 post-4522 attachment type-attachment status-inherit hentry\" data-id=\"4522\">\r\n\t\t<div class=\"w-grid-item-h\">\r\n\t\t\t\t\t\t\t<a ref=\"magnificPopupGrid\" href=\"https:\/\/www.mojstrovina.si\/wp-content\/uploads\/2020\/12\/izdelava-strojnih-delov-po-narocilu-06.jpg\" class=\"w-grid-item-anchor\" aria-label=\"izdelava-strojnih-delov-po-narocilu-06\"><\/a>\r\n\t\t\t\t\t\t<div class=\"w-post-elm post_image usg_post_image_1 stretched\"><img loading=\"lazy\" decoding=\"async\" width=\"350\" height=\"350\" src=\"https:\/\/www.mojstrovina.si\/wp-content\/uploads\/2020\/12\/izdelava-strojnih-delov-po-narocilu-06-350x350.jpg\" class=\"attachment-us_350_350_crop size-us_350_350_crop\" alt=\"\" srcset=\"https:\/\/www.mojstrovina.si\/wp-content\/uploads\/2020\/12\/izdelava-strojnih-delov-po-narocilu-06-350x350.jpg 350w, https:\/\/www.mojstrovina.si\/wp-content\/uploads\/2020\/12\/izdelava-strojnih-delov-po-narocilu-06-150x150.jpg 150w\" sizes=\"auto, (max-width: 350px) 100vw, 350px\" \/><\/div>\t\t<\/div>\r\n\t\t\t<\/article>\r\n\t<article class=\"w-grid-item size_1x1 post-4519 attachment type-attachment status-inherit hentry\" data-id=\"4519\">\r\n\t\t<div class=\"w-grid-item-h\">\r\n\t\t\t\t\t\t\t<a ref=\"magnificPopupGrid\" href=\"https:\/\/www.mojstrovina.si\/wp-content\/uploads\/2020\/12\/izdelava-strojnih-delov-po-narocilu-05.jpg\" class=\"w-grid-item-anchor\" aria-label=\"izdelava-strojnih-delov-po-narocilu-05\"><\/a>\r\n\t\t\t\t\t\t<div class=\"w-post-elm post_image usg_post_image_1 stretched\"><img loading=\"lazy\" decoding=\"async\" width=\"350\" height=\"350\" src=\"https:\/\/www.mojstrovina.si\/wp-content\/uploads\/2020\/12\/izdelava-strojnih-delov-po-narocilu-05-350x350.jpg\" class=\"attachment-us_350_350_crop size-us_350_350_crop\" alt=\"\" srcset=\"https:\/\/www.mojstrovina.si\/wp-content\/uploads\/2020\/12\/izdelava-strojnih-delov-po-narocilu-05-350x350.jpg 350w, https:\/\/www.mojstrovina.si\/wp-content\/uploads\/2020\/12\/izdelava-strojnih-delov-po-narocilu-05-150x150.jpg 150w, https:\/\/www.mojstrovina.si\/wp-content\/uploads\/2020\/12\/izdelava-strojnih-delov-po-narocilu-05-600x600.jpg 600w\" sizes=\"auto, (max-width: 350px) 100vw, 350px\" \/><\/div>\t\t<\/div>\r\n\t\t\t<\/article>\r\n\t<article class=\"w-grid-item size_1x1 post-4516 attachment type-attachment status-inherit hentry\" data-id=\"4516\">\r\n\t\t<div class=\"w-grid-item-h\">\r\n\t\t\t\t\t\t\t<a ref=\"magnificPopupGrid\" href=\"https:\/\/www.mojstrovina.si\/wp-content\/uploads\/2020\/12\/izdelava-strojnih-delov-po-narocilu-04.jpg\" class=\"w-grid-item-anchor\" aria-label=\"izdelava-strojnih-delov-po-narocilu-04\"><\/a>\r\n\t\t\t\t\t\t<div class=\"w-post-elm post_image usg_post_image_1 stretched\"><img loading=\"lazy\" decoding=\"async\" width=\"350\" height=\"350\" src=\"https:\/\/www.mojstrovina.si\/wp-content\/uploads\/2020\/12\/izdelava-strojnih-delov-po-narocilu-04-350x350.jpg\" class=\"attachment-us_350_350_crop size-us_350_350_crop\" alt=\"\" srcset=\"https:\/\/www.mojstrovina.si\/wp-content\/uploads\/2020\/12\/izdelava-strojnih-delov-po-narocilu-04-350x350.jpg 350w, https:\/\/www.mojstrovina.si\/wp-content\/uploads\/2020\/12\/izdelava-strojnih-delov-po-narocilu-04-150x150.jpg 150w, https:\/\/www.mojstrovina.si\/wp-content\/uploads\/2020\/12\/izdelava-strojnih-delov-po-narocilu-04-600x600.jpg 600w\" sizes=\"auto, (max-width: 350px) 100vw, 350px\" \/><\/div>\t\t<\/div>\r\n\t\t\t<\/article>\r\n\t<article class=\"w-grid-item size_1x1 post-4513 attachment type-attachment status-inherit hentry\" data-id=\"4513\">\r\n\t\t<div class=\"w-grid-item-h\">\r\n\t\t\t\t\t\t\t<a ref=\"magnificPopupGrid\" href=\"https:\/\/www.mojstrovina.si\/wp-content\/uploads\/2020\/12\/izdelava-strojnih-delov-po-narocilu-03.jpg\" class=\"w-grid-item-anchor\" aria-label=\"izdelava-strojnih-delov-po-narocilu-03\"><\/a>\r\n\t\t\t\t\t\t<div class=\"w-post-elm post_image usg_post_image_1 stretched\"><img loading=\"lazy\" decoding=\"async\" width=\"350\" height=\"350\" src=\"https:\/\/www.mojstrovina.si\/wp-content\/uploads\/2020\/12\/izdelava-strojnih-delov-po-narocilu-03-350x350.jpg\" class=\"attachment-us_350_350_crop size-us_350_350_crop\" alt=\"\" srcset=\"https:\/\/www.mojstrovina.si\/wp-content\/uploads\/2020\/12\/izdelava-strojnih-delov-po-narocilu-03-350x350.jpg 350w, https:\/\/www.mojstrovina.si\/wp-content\/uploads\/2020\/12\/izdelava-strojnih-delov-po-narocilu-03-150x150.jpg 150w, https:\/\/www.mojstrovina.si\/wp-content\/uploads\/2020\/12\/izdelava-strojnih-delov-po-narocilu-03-600x600.jpg 600w\" sizes=\"auto, (max-width: 350px) 100vw, 350px\" \/><\/div>\t\t<\/div>\r\n\t\t\t<\/article>\r\n\t<article class=\"w-grid-item size_1x1 post-4510 attachment type-attachment status-inherit hentry\" data-id=\"4510\">\r\n\t\t<div class=\"w-grid-item-h\">\r\n\t\t\t\t\t\t\t<a ref=\"magnificPopupGrid\" href=\"https:\/\/www.mojstrovina.si\/wp-content\/uploads\/2020\/12\/izdelava-strojnih-delov-po-narocilu-02.jpg\" class=\"w-grid-item-anchor\" aria-label=\"izdelava-strojnih-delov-po-narocilu-02\"><\/a>\r\n\t\t\t\t\t\t<div class=\"w-post-elm post_image usg_post_image_1 stretched\"><img loading=\"lazy\" decoding=\"async\" width=\"350\" height=\"350\" src=\"https:\/\/www.mojstrovina.si\/wp-content\/uploads\/2020\/12\/izdelava-strojnih-delov-po-narocilu-02-350x350.jpg\" class=\"attachment-us_350_350_crop size-us_350_350_crop\" alt=\"\" srcset=\"https:\/\/www.mojstrovina.si\/wp-content\/uploads\/2020\/12\/izdelava-strojnih-delov-po-narocilu-02-350x350.jpg 350w, https:\/\/www.mojstrovina.si\/wp-content\/uploads\/2020\/12\/izdelava-strojnih-delov-po-narocilu-02-150x150.jpg 150w, https:\/\/www.mojstrovina.si\/wp-content\/uploads\/2020\/12\/izdelava-strojnih-delov-po-narocilu-02-600x600.jpg 600w\" sizes=\"auto, (max-width: 350px) 100vw, 350px\" \/><\/div>\t\t<\/div>\r\n\t\t\t<\/article>\r\n\t<article class=\"w-grid-item size_1x1 post-4507 attachment type-attachment status-inherit hentry\" data-id=\"4507\">\r\n\t\t<div class=\"w-grid-item-h\">\r\n\t\t\t\t\t\t\t<a ref=\"magnificPopupGrid\" href=\"https:\/\/www.mojstrovina.si\/wp-content\/uploads\/2020\/12\/izdelava-strojnih-delov-po-narocilu-01.jpg\" class=\"w-grid-item-anchor\" aria-label=\"izdelava-strojnih-delov-po-narocilu-01\"><\/a>\r\n\t\t\t\t\t\t<div class=\"w-post-elm post_image usg_post_image_1 stretched\"><img loading=\"lazy\" decoding=\"async\" width=\"350\" height=\"350\" src=\"https:\/\/www.mojstrovina.si\/wp-content\/uploads\/2020\/12\/izdelava-strojnih-delov-po-narocilu-01-350x350.jpg\" class=\"attachment-us_350_350_crop size-us_350_350_crop\" alt=\"\" srcset=\"https:\/\/www.mojstrovina.si\/wp-content\/uploads\/2020\/12\/izdelava-strojnih-delov-po-narocilu-01-350x350.jpg 350w, https:\/\/www.mojstrovina.si\/wp-content\/uploads\/2020\/12\/izdelava-strojnih-delov-po-narocilu-01-150x150.jpg 150w, https:\/\/www.mojstrovina.si\/wp-content\/uploads\/2020\/12\/izdelava-strojnih-delov-po-narocilu-01-600x600.jpg 600w\" sizes=\"auto, (max-width: 350px) 100vw, 350px\" \/><\/div>\t\t<\/div>\r\n\t\t\t<\/article>\r\n\t<article class=\"w-grid-item size_1x1 post-1679 attachment type-attachment status-inherit hentry\" data-id=\"1679\">\r\n\t\t<div class=\"w-grid-item-h\">\r\n\t\t\t\t\t\t\t<a ref=\"magnificPopupGrid\" href=\"https:\/\/www.mojstrovina.si\/wp-content\/uploads\/2015\/08\/strojni-deli.jpg\" class=\"w-grid-item-anchor\" aria-label=\"strojni-deli\"><\/a>\r\n\t\t\t\t\t\t<div class=\"w-post-elm post_image usg_post_image_1 stretched\"><img loading=\"lazy\" decoding=\"async\" width=\"350\" height=\"197\" src=\"https:\/\/www.mojstrovina.si\/wp-content\/uploads\/2015\/08\/strojni-deli.jpg\" class=\"attachment-us_350_350_crop size-us_350_350_crop\" alt=\"\" srcset=\"https:\/\/www.mojstrovina.si\/wp-content\/uploads\/2015\/08\/strojni-deli.jpg 1200w, https:\/\/www.mojstrovina.si\/wp-content\/uploads\/2015\/08\/strojni-deli-300x169.jpg 300w, https:\/\/www.mojstrovina.si\/wp-content\/uploads\/2015\/08\/strojni-deli-1024x576.jpg 1024w, https:\/\/www.mojstrovina.si\/wp-content\/uploads\/2015\/08\/strojni-deli-600x338.jpg 600w\" sizes=\"auto, (max-width: 350px) 100vw, 350px\" \/><\/div>\t\t<\/div>\r\n\t\t\t<\/article>\r\n\t<article class=\"w-grid-item size_1x1 post-1456 attachment type-attachment status-inherit hentry\" data-id=\"1456\">\r\n\t\t<div class=\"w-grid-item-h\">\r\n\t\t\t\t\t\t\t<a ref=\"magnificPopupGrid\" href=\"https:\/\/www.mojstrovina.si\/wp-content\/uploads\/2015\/08\/cnc-milling-turning.jpg\" class=\"w-grid-item-anchor\" aria-label=\"cnc-milling-turning\"><\/a>\r\n\t\t\t\t\t\t<div class=\"w-post-elm post_image usg_post_image_1 stretched\"><img loading=\"lazy\" decoding=\"async\" width=\"350\" height=\"197\" src=\"https:\/\/www.mojstrovina.si\/wp-content\/uploads\/2015\/08\/cnc-milling-turning.jpg\" class=\"attachment-us_350_350_crop size-us_350_350_crop\" alt=\"\" srcset=\"https:\/\/www.mojstrovina.si\/wp-content\/uploads\/2015\/08\/cnc-milling-turning.jpg 1280w, https:\/\/www.mojstrovina.si\/wp-content\/uploads\/2015\/08\/cnc-milling-turning-300x169.jpg 300w, https:\/\/www.mojstrovina.si\/wp-content\/uploads\/2015\/08\/cnc-milling-turning-1024x576.jpg 1024w, https:\/\/www.mojstrovina.si\/wp-content\/uploads\/2015\/08\/cnc-milling-turning-600x338.jpg 600w\" sizes=\"auto, (max-width: 350px) 100vw, 350px\" \/><\/div>\t\t<\/div>\r\n\t\t\t<\/article>\r\n\t<article class=\"w-grid-item size_1x1 post-494 attachment type-attachment status-inherit hentry\" data-id=\"494\">\r\n\t\t<div class=\"w-grid-item-h\">\r\n\t\t\t\t\t\t\t<a ref=\"magnificPopupGrid\" href=\"https:\/\/www.mojstrovina.si\/wp-content\/uploads\/2015\/07\/strojni-deli-po-narocilu.jpg\" class=\"w-grid-item-anchor\" aria-label=\"strojni-deli-po-narocilu\"><\/a>\r\n\t\t\t\t\t\t<div class=\"w-post-elm post_image usg_post_image_1 stretched\"><img loading=\"lazy\" decoding=\"async\" width=\"196\" height=\"350\" src=\"https:\/\/www.mojstrovina.si\/wp-content\/uploads\/2015\/07\/strojni-deli-po-narocilu.jpg\" class=\"attachment-us_350_350_crop size-us_350_350_crop\" alt=\"\" srcset=\"https:\/\/www.mojstrovina.si\/wp-content\/uploads\/2015\/07\/strojni-deli-po-narocilu.jpg 421w, https:\/\/www.mojstrovina.si\/wp-content\/uploads\/2015\/07\/strojni-deli-po-narocilu-168x300.jpg 168w\" sizes=\"auto, (max-width: 196px) 100vw, 196px\" \/><\/div>\t\t<\/div>\r\n\t\t\t<\/article>\r\n\t<article class=\"w-grid-item size_1x1 post-488 attachment type-attachment status-inherit hentry\" data-id=\"488\">\r\n\t\t<div class=\"w-grid-item-h\">\r\n\t\t\t\t\t\t\t<a ref=\"magnificPopupGrid\" href=\"https:\/\/www.mojstrovina.si\/wp-content\/uploads\/2015\/07\/CNC-struzenje1.jpg\" class=\"w-grid-item-anchor\" aria-label=\"CNC-struzenje\"><\/a>\r\n\t\t\t\t\t\t<div class=\"w-post-elm post_image usg_post_image_1 stretched\"><img loading=\"lazy\" decoding=\"async\" width=\"350\" height=\"263\" src=\"https:\/\/www.mojstrovina.si\/wp-content\/uploads\/2015\/07\/CNC-struzenje1.jpg\" class=\"attachment-us_350_350_crop size-us_350_350_crop\" alt=\"\" srcset=\"https:\/\/www.mojstrovina.si\/wp-content\/uploads\/2015\/07\/CNC-struzenje1.jpg 1000w, https:\/\/www.mojstrovina.si\/wp-content\/uploads\/2015\/07\/CNC-struzenje1-300x225.jpg 300w, https:\/\/www.mojstrovina.si\/wp-content\/uploads\/2015\/07\/CNC-struzenje1-600x450.jpg 600w\" sizes=\"auto, (max-width: 350px) 100vw, 350px\" \/><\/div>\t\t<\/div>\r\n\t\t\t<\/article>\r\n\t<article class=\"w-grid-item size_1x1 post-482 attachment type-attachment status-inherit hentry\" data-id=\"482\">\r\n\t\t<div class=\"w-grid-item-h\">\r\n\t\t\t\t\t\t\t<a ref=\"magnificPopupGrid\" href=\"https:\/\/www.mojstrovina.si\/wp-content\/uploads\/2015\/07\/CNC-rezkanje1.jpg\" class=\"w-grid-item-anchor\" aria-label=\"CNC-rezkanje\"><\/a>\r\n\t\t\t\t\t\t<div class=\"w-post-elm post_image usg_post_image_1 stretched\"><img loading=\"lazy\" decoding=\"async\" width=\"350\" height=\"263\" src=\"https:\/\/www.mojstrovina.si\/wp-content\/uploads\/2015\/07\/CNC-rezkanje1.jpg\" class=\"attachment-us_350_350_crop size-us_350_350_crop\" alt=\"\" srcset=\"https:\/\/www.mojstrovina.si\/wp-content\/uploads\/2015\/07\/CNC-rezkanje1.jpg 1000w, https:\/\/www.mojstrovina.si\/wp-content\/uploads\/2015\/07\/CNC-rezkanje1-300x225.jpg 300w, https:\/\/www.mojstrovina.si\/wp-content\/uploads\/2015\/07\/CNC-rezkanje1-600x450.jpg 600w\" sizes=\"auto, (max-width: 350px) 100vw, 350px\" \/><\/div>\t\t<\/div>\r\n\t\t\t<\/article>\r\n<\/div>\t<div class=\"w-grid-preloader\">\r\n\t\t<div class=\"g-preloader type_1\">\r\n\t\t\t<div><\/div>\r\n\t\t<\/div>\r\n\t<\/div>\r\n\t\t<div class=\"w-grid-json hidden\" onclick='return {&quot;action&quot;:&quot;us_ajax_grid&quot;,&quot;infinite_scroll&quot;:0,&quot;max_num_pages&quot;:1,&quot;pagination&quot;:&quot;none&quot;,&quot;template_vars&quot;:{&quot;columns&quot;:&quot;4&quot;,&quot;exclude_items&quot;:&quot;none&quot;,&quot;img_size&quot;:&quot;us_350_350_crop&quot;,&quot;ignore_items_size&quot;:0,&quot;items_layout&quot;:&quot;gallery_default&quot;,&quot;items_offset&quot;:&quot;1&quot;,&quot;load_animation&quot;:&quot;none&quot;,&quot;overriding_link&quot;:&quot;%7B%22type%22%3A%22popup_image%22%7D&quot;,&quot;post_id&quot;:0,&quot;query_args&quot;:{&quot;post_type&quot;:[&quot;attachment&quot;],&quot;post__in&quot;:[&quot;480&quot;,&quot;486&quot;,&quot;492&quot;,&quot;1454&quot;,&quot;1679&quot;,&quot;4543&quot;,&quot;4540&quot;,&quot;4537&quot;,&quot;4534&quot;,&quot;4531&quot;,&quot;4528&quot;,&quot;4525&quot;,&quot;4522&quot;,&quot;4519&quot;,&quot;4516&quot;,&quot;4513&quot;,&quot;4510&quot;,&quot;4507&quot;],&quot;post_status&quot;:&quot;inherit&quot;,&quot;post_mime_type&quot;:&quot;image&quot;,&quot;posts_per_page&quot;:999},&quot;orderby_query_args&quot;:{&quot;orderby&quot;:{&quot;date&quot;:&quot;DESC&quot;}},&quot;type&quot;:&quot;masonry&quot;,&quot;us_grid_post_type&quot;:&quot;attachment&quot;,&quot;us_grid_ajax_index&quot;:1,&quot;us_grid_filter_query_string&quot;:null,&quot;us_grid_index&quot;:1,&quot;page_args&quot;:[],&quot;lang&quot;:&quot;de&quot;}}'><\/div>\r\n\t<\/div><\/div><\/div><\/div><\/div><\/div><\/section>\n","protected":false},"excerpt":{"rendered":"","protected":false},"author":1,"featured_media":0,"parent":1554,"menu_order":0,"comment_status":"closed","ping_status":"closed","template":"","meta":{"footnotes":""},"class_list":["post-1569","page","type-page","status-publish","hentry"],"_links":{"self":[{"href":"https:\/\/www.mojstrovina.si\/de\/wp-json\/wp\/v2\/pages\/1569","targetHints":{"allow":["GET"]}}],"collection":[{"href":"https:\/\/www.mojstrovina.si\/de\/wp-json\/wp\/v2\/pages"}],"about":[{"href":"https:\/\/www.mojstrovina.si\/de\/wp-json\/wp\/v2\/types\/page"}],"author":[{"embeddable":true,"href":"https:\/\/www.mojstrovina.si\/de\/wp-json\/wp\/v2\/users\/1"}],"replies":[{"embeddable":true,"href":"https:\/\/www.mojstrovina.si\/de\/wp-json\/wp\/v2\/comments?post=1569"}],"version-history":[{"count":0,"href":"https:\/\/www.mojstrovina.si\/de\/wp-json\/wp\/v2\/pages\/1569\/revisions"}],"up":[{"embeddable":true,"href":"https:\/\/www.mojstrovina.si\/de\/wp-json\/wp\/v2\/pages\/1554"}],"wp:attachment":[{"href":"https:\/\/www.mojstrovina.si\/de\/wp-json\/wp\/v2\/media?parent=1569"}],"curies":[{"name":"wp","href":"https:\/\/api.w.org\/{rel}","templated":true}]}}