{"id":1518,"date":"2015-07-06T11:08:33","date_gmt":"2015-07-06T09:08:33","guid":{"rendered":"https:\/\/www.mojstrovina.si\/de\/oprema-za-oljarstvo\/stiskalnice-za-hladno-stiskanje-semen\/"},"modified":"2020-11-23T18:29:02","modified_gmt":"2020-11-23T17:29:02","slug":"pressen-fuer-kaltepressung-von-kernen","status":"publish","type":"page","link":"https:\/\/www.mojstrovina.si\/de\/anlagen-fuer-die-oelmuehle\/pressen-fuer-kaltepressung-von-kernen\/","title":{"rendered":"Pressen f\u00fcr kaltepressung von kernen"},"content":{"rendered":"<section class=\"l-section wpb_row height_auto\"><div class=\"l-section-h i-cf\"><div class=\"g-cols vc_row via_flex valign_top type_default stacking_default\"><div class=\"vc_col-sm-12 wpb_column vc_column_container\"><div class=\"vc_column-inner us_custom_6f060585\"><div class=\"wpb_wrapper\"><div class=\"w-separator size_large\"><\/div><div class=\"wpb_text_column\"><div class=\"wpb_wrapper\"><p>Mit Pressen f\u00fcr die Kaltpressung von Masse kann man verschiedene Arten von Samen (wie (Waln\u00fcsse, K\u00fcrbisgew\u00e4chsen, Haseln\u00fcsse, Sonnenblume, Hanf, Soja, Traubenkernen, Raps &#8230;) pressen.<\/p>\n<p>Alle Pressen sind mit Frequenzregler, Heizung und verschiedene Arten von Endbefestigungen ausgestattet. Pressen sind eine professionelle hergestellt und k\u00f6nnen 24 Stunden am Tag betreiben werden.<\/p>\n<h1>Pressentypen:<\/h1>\n<\/div><\/div><div class=\"w-separator size_small with_line width_default thick_1 style_solid color_border align_center with_content\"><div class=\"w-separator-h\"><i class=\"material-icons\">file_download<\/i><\/div><\/div><\/div><\/div><\/div><\/div><\/div><\/section><section class=\"l-section wpb_row height_auto\"><div class=\"l-section-h i-cf\"><div class=\"g-cols vc_row via_flex valign_top type_default stacking_default\"><div class=\"vc_col-sm-6 wpb_column vc_column_container\"><div class=\"vc_column-inner us_custom_6f060585\"><div class=\"wpb_wrapper\"><div class=\"wpb_text_column\"><div class=\"wpb_wrapper\"><h3><strong>M010<\/strong><\/h3>\n<p><a ref=\"magnificPopup\" href=\"https:\/\/www.mojstrovina.si\/inc\/uploads\/2015\/07\/stiskalnica-za-hladno-stiskanje-40kg-h.jpg\"><img loading=\"lazy\" decoding=\"async\" class=\"alignleft size-medium wp-image-597\" src=\"https:\/\/www.mojstrovina.si\/wp-content\/uploads\/2015\/07\/stiskalnica-za-hladno-stiskanje-40kg-h-300x238.jpg\" alt=\"Stiskalnica za hladno stiskanje 40kg-h\" width=\"248\" height=\"197\" srcset=\"https:\/\/www.mojstrovina.si\/wp-content\/uploads\/2015\/07\/stiskalnica-za-hladno-stiskanje-40kg-h-300x238.jpg 300w, https:\/\/www.mojstrovina.si\/wp-content\/uploads\/2015\/07\/stiskalnica-za-hladno-stiskanje-40kg-h-600x475.jpg 600w, https:\/\/www.mojstrovina.si\/wp-content\/uploads\/2015\/07\/stiskalnica-za-hladno-stiskanje-40kg-h.jpg 720w\" sizes=\"auto, (max-width: 248px) 100vw, 248px\" \/><\/a><\/p>\n<\/div><\/div><\/div><\/div><\/div><div class=\"vc_col-sm-6 wpb_column vc_column_container\"><div class=\"vc_column-inner us_custom_6f060585\"><div class=\"wpb_wrapper\"><div class=\"wpb_text_column\"><div class=\"wpb_wrapper\"><h3><strong>Technische Daten<\/strong><\/h3>\n<ul>\n<li>Pressungsleistung: 10kg\/h<\/li>\n<li>Motorleistung: 1,5 kW<\/li>\n<li>Motordrehzahl (min<sup>-1<\/sup>): 30\/60, 40\/80, 50\/100<\/li>\n<li>Anschlu\u00df: 220V\/380V<\/li>\n<li>Gewicht: cca 70kg<\/li>\n<li>Dimension: 900 x 250 x 450 mm<\/li>\n<li><span class=\"VIiyi\" lang=\"de\"><span class=\"JLqJ4b ChMk0b\" data-language-for-alternatives=\"de\" data-language-to-translate-into=\"sl\" data-phrase-index=\"0\">Frequenzregler<\/span><\/span><\/li>\n<li><span class=\"VIiyi\" lang=\"de\"><span class=\"JLqJ4b ChMk0b\" data-language-for-alternatives=\"de\" data-language-to-translate-into=\"sl\" data-phrase-index=\"2\">Heizger\u00e4t (Heizung)<\/span><\/span><\/li>\n<\/ul>\n<\/div><\/div><\/div><\/div><\/div><\/div><\/div><\/section><section class=\"l-section wpb_row height_auto\"><div class=\"l-section-h i-cf\"><div class=\"g-cols vc_row via_flex valign_top type_default stacking_default\"><div class=\"vc_col-sm-12 wpb_column vc_column_container\"><div class=\"vc_column-inner us_custom_6f060585\"><div class=\"wpb_wrapper\"><div class=\"w-separator size_small with_line width_default thick_1 style_solid color_border align_center with_content\"><div class=\"w-separator-h\"><i class=\"material-icons\">file_download<\/i><\/div><\/div><\/div><\/div><\/div><\/div><\/div><\/section><section class=\"l-section wpb_row height_auto\"><div class=\"l-section-h i-cf\"><div class=\"g-cols vc_row via_flex valign_top type_default stacking_default\"><div class=\"vc_col-sm-6 wpb_column vc_column_container\"><div class=\"vc_column-inner us_custom_6f060585\"><div class=\"wpb_wrapper\"><div class=\"wpb_text_column\"><div class=\"wpb_wrapper\"><h3><strong>M020<\/strong><\/h3>\n<p><a ref=\"magnificPopup\" href=\"https:\/\/www.mojstrovina.si\/inc\/uploads\/2015\/07\/stiskalnica-za-hladno-stiskanje-20kg-h.jpg\"><img loading=\"lazy\" decoding=\"async\" class=\"alignleft wp-image-603\" src=\"https:\/\/www.mojstrovina.si\/wp-content\/uploads\/2015\/07\/stiskalnica-za-hladno-stiskanje-20kg-h-300x264.jpg\" alt=\"Stiskalnica za hladno stiskanje 20kg-h\" width=\"229\" height=\"201\" srcset=\"https:\/\/www.mojstrovina.si\/wp-content\/uploads\/2015\/07\/stiskalnica-za-hladno-stiskanje-20kg-h-300x264.jpg 300w, https:\/\/www.mojstrovina.si\/wp-content\/uploads\/2015\/07\/stiskalnica-za-hladno-stiskanje-20kg-h.jpg 565w\" sizes=\"auto, (max-width: 229px) 100vw, 229px\" \/><\/a><\/p>\n<\/div><\/div><\/div><\/div><\/div><div class=\"vc_col-sm-6 wpb_column vc_column_container\"><div class=\"vc_column-inner us_custom_6f060585\"><div class=\"wpb_wrapper\"><div class=\"wpb_text_column\"><div class=\"wpb_wrapper\"><h3><strong>Technische Daten<\/strong><\/h3>\n<ul>\n<li>Pressungsleistung: 20kg\/h<\/li>\n<li>Motorleistung: 2.2kW<\/li>\n<li>Motordrehzahl (min<sup>-1<\/sup>): 15-70<\/li>\n<li>Anschlu\u00df: 220V\/380V<\/li>\n<li>Gewicht: cca 120kg<\/li>\n<li>Dimension: 480 x 480 x 620 mm<\/li>\n<li><span class=\"VIiyi\" lang=\"de\"><span class=\"JLqJ4b ChMk0b\" data-language-for-alternatives=\"de\" data-language-to-translate-into=\"sl\" data-phrase-index=\"0\">Frequenzregler<\/span><\/span><\/li>\n<li><span class=\"VIiyi\" lang=\"de\"><span class=\"JLqJ4b ChMk0b\" data-language-for-alternatives=\"de\" data-language-to-translate-into=\"sl\" data-phrase-index=\"2\">Heizger\u00e4t (Heizung)<\/span><\/span><\/li>\n<\/ul>\n<\/div><\/div><\/div><\/div><\/div><\/div><\/div><\/section><section class=\"l-section wpb_row height_auto\"><div class=\"l-section-h i-cf\"><div class=\"g-cols vc_row via_flex valign_top type_default stacking_default\"><div class=\"vc_col-sm-12 wpb_column vc_column_container\"><div class=\"vc_column-inner us_custom_6f060585\"><div class=\"wpb_wrapper\"><div class=\"w-separator size_small with_line width_default thick_1 style_solid color_border align_center with_content\"><div class=\"w-separator-h\"><i class=\"material-icons\">file_download<\/i><\/div><\/div><\/div><\/div><\/div><\/div><\/div><\/section><section class=\"l-section wpb_row height_auto\"><div class=\"l-section-h i-cf\"><div class=\"g-cols vc_row via_flex valign_top type_default stacking_default\"><div class=\"vc_col-sm-6 wpb_column vc_column_container\"><div class=\"vc_column-inner us_custom_6f060585\"><div class=\"wpb_wrapper\"><div class=\"wpb_text_column\"><div class=\"wpb_wrapper\"><h3><strong>M040<\/strong><\/h3>\n<p><a ref=\"magnificPopup\" href=\"https:\/\/www.mojstrovina.si\/inc\/uploads\/2015\/07\/stiskalnica-za-hladno-stiskanje-40kg-h1.jpg\"><img loading=\"lazy\" decoding=\"async\" class=\"alignleft wp-image-616\" src=\"https:\/\/www.mojstrovina.si\/wp-content\/uploads\/2015\/07\/stiskalnica-za-hladno-stiskanje-40kg-h1-300x221.jpg\" alt=\"Stiskalnica za hladno stiskanje 40kg-h\" width=\"240\" height=\"177\" srcset=\"https:\/\/www.mojstrovina.si\/wp-content\/uploads\/2015\/07\/stiskalnica-za-hladno-stiskanje-40kg-h1-300x221.jpg 300w, https:\/\/www.mojstrovina.si\/wp-content\/uploads\/2015\/07\/stiskalnica-za-hladno-stiskanje-40kg-h1-600x441.jpg 600w, https:\/\/www.mojstrovina.si\/wp-content\/uploads\/2015\/07\/stiskalnica-za-hladno-stiskanje-40kg-h1.jpg 631w\" sizes=\"auto, (max-width: 240px) 100vw, 240px\" \/><\/a><\/p>\n<\/div><\/div><\/div><\/div><\/div><div class=\"vc_col-sm-6 wpb_column vc_column_container\"><div class=\"vc_column-inner us_custom_6f060585\"><div class=\"wpb_wrapper\"><div class=\"wpb_text_column\"><div class=\"wpb_wrapper\"><h3><strong>Technische Daten<\/strong><\/h3>\n<ul>\n<li>Pressungsleistung: 40kg\/h<\/li>\n<li>Motorleistung: 3 kW oder 5,5 kW<\/li>\n<li>Motordrehzahl (min<sup>-1<\/sup>): 15-70<\/li>\n<li>Anschlu\u00df: 220V\/380V<\/li>\n<li>Gewicht: cca 200kg<\/li>\n<li>Dimension: 900 x 550 x 600 mm<\/li>\n<li><span class=\"VIiyi\" lang=\"de\"><span class=\"JLqJ4b ChMk0b\" data-language-for-alternatives=\"de\" data-language-to-translate-into=\"sl\" data-phrase-index=\"0\">Frequenzregler<\/span><\/span><\/li>\n<li><span class=\"VIiyi\" lang=\"de\"><span class=\"JLqJ4b ChMk0b\" data-language-for-alternatives=\"de\" data-language-to-translate-into=\"sl\" data-phrase-index=\"2\">Heizger\u00e4t (Heizung)<\/span><\/span><\/li>\n<\/ul>\n<\/div><\/div><\/div><\/div><\/div><\/div><\/div><\/section><section class=\"l-section wpb_row height_auto\"><div class=\"l-section-h i-cf\"><div class=\"g-cols vc_row via_flex valign_top type_default stacking_default\"><div class=\"vc_col-sm-12 wpb_column vc_column_container\"><div class=\"vc_column-inner us_custom_6f060585\"><div class=\"wpb_wrapper\"><div class=\"w-separator size_small with_line width_default thick_1 style_solid color_border align_center with_content\"><div class=\"w-separator-h\"><i class=\"material-icons\">file_download<\/i><\/div><\/div><\/div><\/div><\/div><\/div><\/div><\/section><section class=\"l-section wpb_row height_auto\"><div class=\"l-section-h i-cf\"><div class=\"g-cols vc_row via_flex valign_top type_default stacking_default\"><div class=\"vc_col-sm-6 wpb_column vc_column_container\"><div class=\"vc_column-inner us_custom_6f060585\"><div class=\"wpb_wrapper\"><div class=\"wpb_text_column\"><div class=\"wpb_wrapper\"><h3><strong>M0100<\/strong><\/h3>\n<p><a ref=\"magnificPopup\" href=\"https:\/\/www.mojstrovina.si\/inc\/uploads\/2015\/07\/stiskalnica-hladno-stiskanje-100kg-h.jpg\"><img loading=\"lazy\" decoding=\"async\" class=\"alignleft wp-image-622\" src=\"https:\/\/www.mojstrovina.si\/wp-content\/uploads\/2015\/07\/stiskalnica-hladno-stiskanje-100kg-h-300x217.jpg\" alt=\"Stiskalnica hladno stiskanje 100kg-h\" width=\"261\" height=\"189\" srcset=\"https:\/\/www.mojstrovina.si\/wp-content\/uploads\/2015\/07\/stiskalnica-hladno-stiskanje-100kg-h-300x217.jpg 300w, https:\/\/www.mojstrovina.si\/wp-content\/uploads\/2015\/07\/stiskalnica-hladno-stiskanje-100kg-h.jpg 434w\" sizes=\"auto, (max-width: 261px) 100vw, 261px\" \/><\/a><\/p>\n<\/div><\/div><\/div><\/div><\/div><div class=\"vc_col-sm-6 wpb_column vc_column_container\"><div class=\"vc_column-inner us_custom_6f060585\"><div class=\"wpb_wrapper\"><div class=\"wpb_text_column\"><div class=\"wpb_wrapper\"><h3><strong>Technische Daten<\/strong><\/h3>\n<ul>\n<li>Pressungsleistung: 100kg\/h<\/li>\n<li>Motorleistung: 7.5kW<\/li>\n<li>Motordrehzahl (min<sup>-1<\/sup>): 12-50<\/li>\n<li>Anschlu\u00df: 380V<\/li>\n<li>Gewicht: cca 300kg<\/li>\n<li>Dimension: 1700 x 600 x 1200 mm<\/li>\n<\/ul>\n<\/div><\/div><\/div><\/div><\/div><\/div><\/div><\/section><section class=\"l-section wpb_row height_auto\"><div class=\"l-section-h i-cf\"><div class=\"g-cols vc_row via_flex valign_top type_default stacking_default\"><div class=\"vc_col-sm-12 wpb_column vc_column_container\"><div class=\"vc_column-inner us_custom_6f060585\"><div class=\"wpb_wrapper\"><div class=\"w-separator size_small with_line width_default thick_1 style_solid color_border align_center with_content\"><div class=\"w-separator-h\"><i class=\"material-icons\">file_download<\/i><\/div><\/div><\/div><\/div><\/div><\/div><\/div><\/section><section class=\"l-section wpb_row height_auto\"><div class=\"l-section-h i-cf\"><div class=\"g-cols vc_row via_flex valign_top type_default stacking_default\"><div class=\"vc_col-sm-6 wpb_column vc_column_container\"><div class=\"vc_column-inner us_custom_6f060585\"><div class=\"wpb_wrapper\"><div class=\"wpb_text_column\"><div class=\"wpb_wrapper\"><h3><strong>M0200<\/strong><\/h3>\n<p><a ref=\"magnificPopup\" href=\"https:\/\/www.mojstrovina.si\/inc\/uploads\/2015\/07\/stiskalnica-hladno-stiskanje-200kg-h.jpg\"><img loading=\"lazy\" decoding=\"async\" class=\"alignleft size-full wp-image-628\" src=\"https:\/\/www.mojstrovina.si\/inc\/uploads\/2015\/07\/stiskalnica-hladno-stiskanje-200kg-h.jpg\" alt=\"Stiskalnica hladno stiskanje 200kg-h\" width=\"270\" height=\"204\" \/><\/a><\/p>\n<\/div><\/div><\/div><\/div><\/div><div class=\"vc_col-sm-6 wpb_column vc_column_container\"><div class=\"vc_column-inner us_custom_6f060585\"><div class=\"wpb_wrapper\"><div class=\"wpb_text_column\"><div class=\"wpb_wrapper\"><h3><strong>Technische Daten<\/strong><\/h3>\n<ul>\n<li>Pressungsleistung: 200kg\/h<\/li>\n<li>Motorleistung: 11kW<\/li>\n<li>Anschlu\u00df: 380V<\/li>\n<li>Gewicht: 900kg<\/li>\n<li>Dimension: 2220 x 690 x 728 mm<\/li>\n<\/ul>\n<\/div><\/div><\/div><\/div><\/div><\/div><\/div><\/section><section class=\"l-section wpb_row height_auto\"><div class=\"l-section-h i-cf\"><div class=\"g-cols vc_row via_flex valign_top type_default stacking_default\"><div class=\"vc_col-sm-12 wpb_column vc_column_container\"><div class=\"vc_column-inner us_custom_6f060585\"><div class=\"wpb_wrapper\"><div class=\"w-separator size_small with_line width_default thick_1 style_solid color_border align_center with_content\"><div class=\"w-separator-h\"><i class=\"material-icons\">file_download<\/i><\/div><\/div><\/div><\/div><\/div><\/div><\/div><\/section><section class=\"l-section wpb_row height_auto\"><div class=\"l-section-h i-cf\"><div class=\"g-cols vc_row via_flex valign_top type_default stacking_default\"><div class=\"vc_col-sm-6 wpb_column vc_column_container\"><div class=\"vc_column-inner us_custom_6f060585\"><div class=\"wpb_wrapper\"><div class=\"wpb_text_column\"><div class=\"wpb_wrapper\"><h3><strong>M0500<\/strong><\/h3>\n<\/div><\/div><\/div><\/div><\/div><div class=\"vc_col-sm-6 wpb_column vc_column_container\"><div class=\"vc_column-inner us_custom_6f060585\"><div class=\"wpb_wrapper\"><div class=\"wpb_text_column\"><div class=\"wpb_wrapper\"><h3><strong>Technische Daten<\/strong><\/h3>\n<ul>\n<li>Pressungsleistung: 500kg\/h<\/li>\n<li>Motorleistung: 18.5kW<\/li>\n<li>Anschlu\u00df: 380V<\/li>\n<li>Gewicht: 1700kg<\/li>\n<li>Dimension: 3029 x 860 x 883 mm<\/li>\n<\/ul>\n<\/div><\/div><\/div><\/div><\/div><\/div><\/div><\/section><section class=\"l-section wpb_row height_auto\"><div class=\"l-section-h i-cf\"><div class=\"g-cols vc_row via_flex valign_top type_default stacking_default\"><div class=\"vc_col-sm-12 wpb_column vc_column_container\"><div class=\"vc_column-inner\"><div class=\"wpb_wrapper\"><div class=\"w-separator size_large\"><\/div><\/div><\/div><\/div><\/div><\/div><\/section>\n","protected":false},"excerpt":{"rendered":"Mit Pressen f\u00fcr die Kaltpressung von Masse kann man verschiedene Arten von Samen (wie (Waln\u00fcsse, K\u00fcrbisgew\u00e4chsen, Haseln\u00fcsse, Sonnenblume, Hanf, Soja, Traubenkernen, Raps &#8230;) pressen. Alle Pressen sind mit Frequenzregler, Heizung und verschiedene Arten von Endbefestigungen ausgestattet. Pressen sind eine professionelle hergestellt und k\u00f6nnen 24 Stunden am Tag betreiben werden. Pressentypen: file_download M010 Technische Daten Pressungsleistung:...","protected":false},"author":1,"featured_media":0,"parent":1500,"menu_order":0,"comment_status":"closed","ping_status":"open","template":"","meta":{"footnotes":""},"class_list":["post-1518","page","type-page","status-publish","hentry"],"_links":{"self":[{"href":"https:\/\/www.mojstrovina.si\/de\/wp-json\/wp\/v2\/pages\/1518","targetHints":{"allow":["GET"]}}],"collection":[{"href":"https:\/\/www.mojstrovina.si\/de\/wp-json\/wp\/v2\/pages"}],"about":[{"href":"https:\/\/www.mojstrovina.si\/de\/wp-json\/wp\/v2\/types\/page"}],"author":[{"embeddable":true,"href":"https:\/\/www.mojstrovina.si\/de\/wp-json\/wp\/v2\/users\/1"}],"replies":[{"embeddable":true,"href":"https:\/\/www.mojstrovina.si\/de\/wp-json\/wp\/v2\/comments?post=1518"}],"version-history":[{"count":0,"href":"https:\/\/www.mojstrovina.si\/de\/wp-json\/wp\/v2\/pages\/1518\/revisions"}],"up":[{"embeddable":true,"href":"https:\/\/www.mojstrovina.si\/de\/wp-json\/wp\/v2\/pages\/1500"}],"wp:attachment":[{"href":"https:\/\/www.mojstrovina.si\/de\/wp-json\/wp\/v2\/media?parent=1518"}],"curies":[{"name":"wp","href":"https:\/\/api.w.org\/{rel}","templated":true}]}}