{"id":1513,"date":"2015-07-06T11:09:38","date_gmt":"2015-07-06T09:09:38","guid":{"rendered":"https:\/\/www.mojstrovina.si\/de\/oprema-za-oljarstvo\/prazilne-peci\/"},"modified":"2019-12-24T10:56:27","modified_gmt":"2019-12-24T09:56:27","slug":"roestoefen","status":"publish","type":"page","link":"https:\/\/www.mojstrovina.si\/de\/anlagen-fuer-die-oelmuehle\/roestoefen\/","title":{"rendered":"R\u00f6st\u00f6fen"},"content":{"rendered":"<section class=\"l-section wpb_row height_auto\"><div class=\"l-section-h i-cf\"><div class=\"g-cols vc_row via_flex valign_top type_default stacking_default\"><div class=\"vc_col-sm-12 wpb_column vc_column_container\"><div class=\"vc_column-inner us_custom_6f060585\"><div class=\"wpb_wrapper\"><div class=\"w-separator size_large\"><\/div><div class=\"wpb_text_column\"><div class=\"wpb_wrapper\"><p>Eine Maschine zum R\u00f6sten von Masse die nach einem besonderen Verfahren gebraten wird. Nach einer gewissen Zeit wird die Masse zu verarbeitet, dass das \u00d6l ausgepresst wird.<\/p>\n<p>&nbsp;<\/p>\n<h1>AUSFHRUNGEN VON R\u00d6ST\u00d6FEN:<\/h1>\n<\/div><\/div><div class=\"w-separator size_small with_line width_default thick_1 style_solid color_border align_center with_content\"><div class=\"w-separator-h\"><i class=\"fas fa-fire\"><\/i><\/div><\/div><\/div><\/div><\/div><\/div><\/div><\/section><section class=\"l-section wpb_row height_auto\"><div class=\"l-section-h i-cf\"><div class=\"g-cols vc_row via_flex valign_top type_default stacking_default\"><div class=\"vc_col-sm-4 wpb_column vc_column_container\"><div class=\"vc_column-inner us_custom_6f060585\"><div class=\"wpb_wrapper\"><div class=\"wpb_text_column\"><div class=\"wpb_wrapper\"><h3><strong>R\u00f6stofen mit einen Beh\u00e4lter<\/strong><\/h3>\n<\/div><\/div><div class=\"w-image align_none\"><a ref=\"magnificPopup\" href=\"https:\/\/www.mojstrovina.si\/wp-content\/uploads\/2015\/07\/prazilna-pec-1-posoda.jpg\" aria-label=\"prazilna-pec-1-posoda\" class=\"w-image-h\"><img decoding=\"async\" width=\"1000\" height=\"563\" src=\"https:\/\/www.mojstrovina.si\/wp-content\/uploads\/2015\/07\/prazilna-pec-1-posoda.jpg\" class=\"attachment-large size-large\" alt=\"\" loading=\"lazy\" srcset=\"https:\/\/www.mojstrovina.si\/wp-content\/uploads\/2015\/07\/prazilna-pec-1-posoda.jpg 1000w, https:\/\/www.mojstrovina.si\/wp-content\/uploads\/2015\/07\/prazilna-pec-1-posoda-300x169.jpg 300w, https:\/\/www.mojstrovina.si\/wp-content\/uploads\/2015\/07\/prazilna-pec-1-posoda-600x338.jpg 600w\" sizes=\"auto, (max-width: 1000px) 100vw, 1000px\" \/><\/a><\/div><\/div><\/div><\/div><div class=\"vc_col-sm-4 wpb_column vc_column_container\"><div class=\"vc_column-inner us_custom_6f060585\"><div class=\"wpb_wrapper\"><div class=\"wpb_text_column\"><div class=\"wpb_wrapper\"><h3><strong>R\u00f6stofen mit zwei Beh\u00e4ltern<\/strong><\/h3>\n<\/div><\/div><div class=\"w-image align_none\"><a ref=\"magnificPopup\" href=\"https:\/\/www.mojstrovina.si\/wp-content\/uploads\/2015\/07\/prazilna-pec-2-posodi.jpg\" aria-label=\"prazilna-pec-2-posodi\" class=\"w-image-h\"><img decoding=\"async\" width=\"1000\" height=\"563\" src=\"https:\/\/www.mojstrovina.si\/wp-content\/uploads\/2015\/07\/prazilna-pec-2-posodi.jpg\" class=\"attachment-large size-large\" alt=\"\" loading=\"lazy\" srcset=\"https:\/\/www.mojstrovina.si\/wp-content\/uploads\/2015\/07\/prazilna-pec-2-posodi.jpg 1000w, https:\/\/www.mojstrovina.si\/wp-content\/uploads\/2015\/07\/prazilna-pec-2-posodi-300x169.jpg 300w, https:\/\/www.mojstrovina.si\/wp-content\/uploads\/2015\/07\/prazilna-pec-2-posodi-600x338.jpg 600w\" sizes=\"auto, (max-width: 1000px) 100vw, 1000px\" \/><\/a><\/div><\/div><\/div><\/div><div class=\"vc_col-sm-4 wpb_column vc_column_container\"><div class=\"vc_column-inner us_custom_6f060585\"><div class=\"wpb_wrapper\"><div class=\"wpb_text_column\"><div class=\"wpb_wrapper\"><h3><strong>R\u00f6stofen mit drei Beh\u00e4ltern<\/strong><\/h3>\n<\/div><\/div><div class=\"w-image align_none\"><a ref=\"magnificPopup\" href=\"https:\/\/www.mojstrovina.si\/wp-content\/uploads\/2015\/07\/prazilna-pec-3-posode.jpg\" aria-label=\"prazilna-pec-3-posode\" class=\"w-image-h\"><img decoding=\"async\" width=\"1000\" height=\"563\" src=\"https:\/\/www.mojstrovina.si\/wp-content\/uploads\/2015\/07\/prazilna-pec-3-posode.jpg\" class=\"attachment-large size-large\" alt=\"\" loading=\"lazy\" srcset=\"https:\/\/www.mojstrovina.si\/wp-content\/uploads\/2015\/07\/prazilna-pec-3-posode.jpg 1000w, https:\/\/www.mojstrovina.si\/wp-content\/uploads\/2015\/07\/prazilna-pec-3-posode-300x169.jpg 300w, https:\/\/www.mojstrovina.si\/wp-content\/uploads\/2015\/07\/prazilna-pec-3-posode-600x338.jpg 600w\" sizes=\"auto, (max-width: 1000px) 100vw, 1000px\" \/><\/a><\/div><\/div><\/div><\/div><\/div><\/div><\/section><section class=\"l-section wpb_row height_auto\"><div class=\"l-section-h i-cf\"><div class=\"g-cols vc_row via_flex valign_top type_default stacking_default\"><div class=\"vc_col-sm-12 wpb_column vc_column_container\"><div class=\"vc_column-inner us_custom_6f060585\"><div class=\"wpb_wrapper\"><div class=\"w-separator size_medium with_line width_default thick_1 style_solid color_border align_center with_content\"><div class=\"w-separator-h\"><i class=\"far fa-chart-bar\"><\/i><\/div><\/div><div class=\"wpb_text_column\"><div class=\"wpb_wrapper\"><h3><strong>Technische Daten:<\/strong><\/h3>\n<ul>\n<li>der Beh\u00e4lter<strong> ist <\/strong>aus Gusseisen (nach Standard)<\/li>\n<li>massiv verst\u00e4rkter Boden<\/li>\n<li>Innendurchmesser des Beh\u00e4lters fi800x300 oder fi1000x300<\/li>\n<li>eingebauten Sensor im Boden des Beh\u00e4lters<\/li>\n<li>Hubsystem des R\u00fchrers (aus Edelstahl)<\/li>\n<li>R\u00fchrer (Motor mit Getriebe 0,55kW &#8211; 23 U \/ min)<\/li>\n<li>Isolierung (Feuersteine oder Die feuerfesten Mineralwolle)<\/li>\n<li>Auskleidung des Ofens (inox)<\/li>\n<li>Ausf\u00fchrung des Brenner, nach W\u00fcnsch, (Gas, \u00d6l, Holz)<\/li>\n<\/ul>\n<\/div><\/div><\/div><\/div><\/div><\/div><\/div><\/section>\n","protected":false},"excerpt":{"rendered":"Eine Maschine zum R\u00f6sten von Masse die nach einem besonderen Verfahren gebraten wird. Nach einer gewissen Zeit wird die Masse zu verarbeitet, dass das \u00d6l ausgepresst wird. &nbsp; AUSFHRUNGEN VON R\u00d6ST\u00d6FEN: R\u00f6stofen mit einen Beh\u00e4lter R\u00f6stofen mit zwei Beh\u00e4ltern R\u00f6stofen mit drei Beh\u00e4ltern Technische Daten: der Beh\u00e4lter ist aus Gusseisen (nach Standard) massiv verst\u00e4rkter Boden...","protected":false},"author":1,"featured_media":0,"parent":1500,"menu_order":0,"comment_status":"closed","ping_status":"open","template":"","meta":{"footnotes":""},"class_list":["post-1513","page","type-page","status-publish","hentry"],"_links":{"self":[{"href":"https:\/\/www.mojstrovina.si\/de\/wp-json\/wp\/v2\/pages\/1513","targetHints":{"allow":["GET"]}}],"collection":[{"href":"https:\/\/www.mojstrovina.si\/de\/wp-json\/wp\/v2\/pages"}],"about":[{"href":"https:\/\/www.mojstrovina.si\/de\/wp-json\/wp\/v2\/types\/page"}],"author":[{"embeddable":true,"href":"https:\/\/www.mojstrovina.si\/de\/wp-json\/wp\/v2\/users\/1"}],"replies":[{"embeddable":true,"href":"https:\/\/www.mojstrovina.si\/de\/wp-json\/wp\/v2\/comments?post=1513"}],"version-history":[{"count":0,"href":"https:\/\/www.mojstrovina.si\/de\/wp-json\/wp\/v2\/pages\/1513\/revisions"}],"up":[{"embeddable":true,"href":"https:\/\/www.mojstrovina.si\/de\/wp-json\/wp\/v2\/pages\/1500"}],"wp:attachment":[{"href":"https:\/\/www.mojstrovina.si\/de\/wp-json\/wp\/v2\/media?parent=1513"}],"curies":[{"name":"wp","href":"https:\/\/api.w.org\/{rel}","templated":true}]}}