{"id":1511,"date":"2015-07-06T11:10:43","date_gmt":"2015-07-06T09:10:43","guid":{"rendered":"https:\/\/www.mojstrovina.si\/de\/oprema-za-oljarstvo\/mlin-za-mletje-semen\/"},"modified":"2019-12-24T10:56:27","modified_gmt":"2019-12-24T09:56:27","slug":"kernmuehle","status":"publish","type":"page","link":"https:\/\/www.mojstrovina.si\/de\/anlagen-fuer-die-oelmuehle\/kernmuehle\/","title":{"rendered":"Kernm\u00fchle"},"content":{"rendered":"<section class=\"l-section wpb_row height_medium\"><div class=\"l-section-h i-cf\"><div class=\"g-cols vc_row via_flex valign_top type_default stacking_default\"><div class=\"vc_col-sm-12 wpb_column vc_column_container\"><div class=\"vc_column-inner us_custom_6f060585\"><div class=\"wpb_wrapper\"><div class=\"g-cols wpb_row via_flex valign_top type_default stacking_default\"><div class=\"vc_col-sm-6 wpb_column vc_column_container\"><div class=\"vc_column-inner us_custom_6f060585\"><div class=\"wpb_wrapper\"><div class=\"wpb_text_column\"><div class=\"wpb_wrapper\"><p>Es wird f\u00fcr mahlen von unterschiedlichen Massen (K\u00fcrbisgew\u00e4chsen, Sonnenblumen, Walnusse) verwendet. Die Masse wird in den Einf\u00fclltrichter nach der endg\u00fcltigen Inbetriebnahme der M\u00fchle im Leerlauf eingef\u00fcllt. Der Dosierrotor fuhrt die Samen in die M\u00fchle zu.<\/p>\n<\/div><\/div><\/div><\/div><\/div><div class=\"vc_col-sm-6 wpb_column vc_column_container\"><div class=\"vc_column-inner us_custom_6f060585\"><div class=\"wpb_wrapper\"><div class=\"w-image align_none\"><a ref=\"magnificPopup\" href=\"https:\/\/www.mojstrovina.si\/wp-content\/uploads\/2015\/07\/mlin-mletje-semen.jpg\" aria-label=\"mlin-mletje-semen\" class=\"w-image-h\"><img decoding=\"async\" width=\"1000\" height=\"750\" src=\"https:\/\/www.mojstrovina.si\/wp-content\/uploads\/2015\/07\/mlin-mletje-semen.jpg\" class=\"attachment-large size-large\" alt=\"\" loading=\"lazy\" srcset=\"https:\/\/www.mojstrovina.si\/wp-content\/uploads\/2015\/07\/mlin-mletje-semen.jpg 1000w, https:\/\/www.mojstrovina.si\/wp-content\/uploads\/2015\/07\/mlin-mletje-semen-300x225.jpg 300w, https:\/\/www.mojstrovina.si\/wp-content\/uploads\/2015\/07\/mlin-mletje-semen-600x450.jpg 600w\" sizes=\"auto, (max-width: 1000px) 100vw, 1000px\" \/><\/a><\/div><\/div><\/div><\/div><\/div><div class=\"w-separator size_medium with_line width_default thick_1 style_solid color_border align_center with_content\"><div class=\"w-separator-h\"><i class=\"far fa-chart-bar\"><\/i><\/div><\/div><div class=\"wpb_text_column\"><div class=\"wpb_wrapper\"><h3><strong>Technische Daten:<\/strong><\/h3>\n<ul>\n<li>Mahlleistung 240kg \/ h<\/li>\n<li>Elektromotor (7,5 kW oder 11 kW)<\/li>\n<li>Rotor (VIDEA)<\/li>\n<li>Spender (Steuerung des Flusses von Samen in die M\u00fchle)<\/li>\n<li>Spender hat ein Elektromotor 0,37kW und Getriebe<\/li>\n<\/ul>\n<\/div><\/div><\/div><\/div><\/div><\/div><\/div><\/section>\n","protected":false},"excerpt":{"rendered":"Es wird f\u00fcr mahlen von unterschiedlichen Massen (K\u00fcrbisgew\u00e4chsen, Sonnenblumen, Walnusse) verwendet. Die Masse wird in den Einf\u00fclltrichter nach der endg\u00fcltigen Inbetriebnahme der M\u00fchle im Leerlauf eingef\u00fcllt. Der Dosierrotor fuhrt die Samen in die M\u00fchle zu. Technische Daten: Mahlleistung 240kg \/ h Elektromotor (7,5 kW oder 11 kW) Rotor (VIDEA) Spender (Steuerung des Flusses von Samen...","protected":false},"author":1,"featured_media":0,"parent":1500,"menu_order":0,"comment_status":"closed","ping_status":"open","template":"","meta":{"footnotes":""},"class_list":["post-1511","page","type-page","status-publish","hentry"],"_links":{"self":[{"href":"https:\/\/www.mojstrovina.si\/de\/wp-json\/wp\/v2\/pages\/1511","targetHints":{"allow":["GET"]}}],"collection":[{"href":"https:\/\/www.mojstrovina.si\/de\/wp-json\/wp\/v2\/pages"}],"about":[{"href":"https:\/\/www.mojstrovina.si\/de\/wp-json\/wp\/v2\/types\/page"}],"author":[{"embeddable":true,"href":"https:\/\/www.mojstrovina.si\/de\/wp-json\/wp\/v2\/users\/1"}],"replies":[{"embeddable":true,"href":"https:\/\/www.mojstrovina.si\/de\/wp-json\/wp\/v2\/comments?post=1511"}],"version-history":[{"count":0,"href":"https:\/\/www.mojstrovina.si\/de\/wp-json\/wp\/v2\/pages\/1511\/revisions"}],"up":[{"embeddable":true,"href":"https:\/\/www.mojstrovina.si\/de\/wp-json\/wp\/v2\/pages\/1500"}],"wp:attachment":[{"href":"https:\/\/www.mojstrovina.si\/de\/wp-json\/wp\/v2\/media?parent=1511"}],"curies":[{"name":"wp","href":"https:\/\/api.w.org\/{rel}","templated":true}]}}