{"id":1509,"date":"2015-07-06T11:17:16","date_gmt":"2015-07-06T09:17:16","guid":{"rendered":"https:\/\/www.mojstrovina.si\/de\/oprema-za-oljarstvo\/mlin-za-mletje-prg\/"},"modified":"2019-12-24T10:56:26","modified_gmt":"2019-12-24T09:56:26","slug":"kuechenmuehle","status":"publish","type":"page","link":"https:\/\/www.mojstrovina.si\/de\/anlagen-fuer-die-oelmuehle\/kuechenmuehle\/","title":{"rendered":"K\u00fcchenm\u00fchle"},"content":{"rendered":"<section class=\"l-section wpb_row height_auto\"><div class=\"l-section-h i-cf\"><div class=\"g-cols vc_row via_flex valign_top type_default stacking_default\"><div class=\"vc_col-sm-12 wpb_column vc_column_container\"><div class=\"vc_column-inner\"><div class=\"wpb_wrapper\"><div class=\"w-separator size_large\"><\/div><\/div><\/div><\/div><\/div><\/div><\/section><section class=\"l-section wpb_row height_auto\"><div class=\"l-section-h i-cf\"><div class=\"g-cols vc_row via_flex valign_top type_default stacking_default\"><div class=\"vc_col-sm-6 wpb_column vc_column_container\"><div class=\"vc_column-inner us_custom_6f060585\"><div class=\"wpb_wrapper\"><div class=\"wpb_text_column\"><div class=\"wpb_wrapper\"><p>Es wird f\u00fcr mahlen von Masse nach dem Pressprozess verwendet. Die Masse wird anschlie\u00dfend f\u00fcr die nachgelagerte Industrie verwendet.<\/p>\n<\/div><\/div><\/div><\/div><\/div><div class=\"vc_col-sm-6 wpb_column vc_column_container\"><div class=\"vc_column-inner us_custom_6f060585\"><div class=\"wpb_wrapper\"><div class=\"w-image align_none\"><a ref=\"magnificPopup\" href=\"https:\/\/www.mojstrovina.si\/wp-content\/uploads\/2015\/07\/mlin-za-mletje-prg.jpg\" aria-label=\"mlin-za-mletje-prg\" class=\"w-image-h\"><img decoding=\"async\" width=\"1000\" height=\"750\" src=\"https:\/\/www.mojstrovina.si\/wp-content\/uploads\/2015\/07\/mlin-za-mletje-prg.jpg\" class=\"attachment-large size-large\" alt=\"\" loading=\"lazy\" srcset=\"https:\/\/www.mojstrovina.si\/wp-content\/uploads\/2015\/07\/mlin-za-mletje-prg.jpg 1000w, https:\/\/www.mojstrovina.si\/wp-content\/uploads\/2015\/07\/mlin-za-mletje-prg-300x225.jpg 300w, https:\/\/www.mojstrovina.si\/wp-content\/uploads\/2015\/07\/mlin-za-mletje-prg-600x450.jpg 600w\" sizes=\"auto, (max-width: 1000px) 100vw, 1000px\" \/><\/a><\/div><\/div><\/div><\/div><\/div><\/div><\/section><section class=\"l-section wpb_row height_auto\"><div class=\"l-section-h i-cf\"><div class=\"g-cols vc_row via_flex valign_top type_default stacking_default\"><div class=\"vc_col-sm-12 wpb_column vc_column_container\"><div class=\"vc_column-inner us_custom_6f060585\"><div class=\"wpb_wrapper\"><div class=\"w-separator size_medium with_line width_default thick_1 style_solid color_border align_center with_content\"><div class=\"w-separator-h\"><i class=\"far fa-chart-bar\"><\/i><\/div><\/div><div class=\"wpb_text_column\"><div class=\"wpb_wrapper\"><h3><strong>Technische Daten:<\/strong><\/h3>\n<ul>\n<li>massive Konstruktion der M\u00fchle<\/li>\n<li>Mahlleistung bis 5000 kg\/h<\/li>\n<li>Gewicht 200 kg<\/li>\n<li>Elektromotor 7,5 kW \u2013 2800 obr\/min<\/li>\n<\/ul>\n<\/div><\/div><\/div><\/div><\/div><\/div><\/div><\/section><section class=\"l-section wpb_row height_auto\"><div class=\"l-section-h i-cf\"><div class=\"g-cols vc_row via_flex valign_top type_default stacking_default\"><div class=\"vc_col-sm-12 wpb_column vc_column_container\"><div class=\"vc_column-inner\"><div class=\"wpb_wrapper\"><div class=\"w-separator size_large\"><\/div><\/div><\/div><\/div><\/div><\/div><\/section>\n","protected":false},"excerpt":{"rendered":"Es wird f\u00fcr mahlen von Masse nach dem Pressprozess verwendet. Die Masse wird anschlie\u00dfend f\u00fcr die nachgelagerte Industrie verwendet. Technische Daten: massive Konstruktion der M\u00fchle Mahlleistung bis 5000 kg\/h Gewicht 200 kg Elektromotor 7,5 kW \u2013 2800 obr\/min","protected":false},"author":1,"featured_media":0,"parent":1500,"menu_order":0,"comment_status":"closed","ping_status":"open","template":"","meta":{"footnotes":""},"class_list":["post-1509","page","type-page","status-publish","hentry"],"_links":{"self":[{"href":"https:\/\/www.mojstrovina.si\/de\/wp-json\/wp\/v2\/pages\/1509","targetHints":{"allow":["GET"]}}],"collection":[{"href":"https:\/\/www.mojstrovina.si\/de\/wp-json\/wp\/v2\/pages"}],"about":[{"href":"https:\/\/www.mojstrovina.si\/de\/wp-json\/wp\/v2\/types\/page"}],"author":[{"embeddable":true,"href":"https:\/\/www.mojstrovina.si\/de\/wp-json\/wp\/v2\/users\/1"}],"replies":[{"embeddable":true,"href":"https:\/\/www.mojstrovina.si\/de\/wp-json\/wp\/v2\/comments?post=1509"}],"version-history":[{"count":0,"href":"https:\/\/www.mojstrovina.si\/de\/wp-json\/wp\/v2\/pages\/1509\/revisions"}],"up":[{"embeddable":true,"href":"https:\/\/www.mojstrovina.si\/de\/wp-json\/wp\/v2\/pages\/1500"}],"wp:attachment":[{"href":"https:\/\/www.mojstrovina.si\/de\/wp-json\/wp\/v2\/media?parent=1509"}],"curies":[{"name":"wp","href":"https:\/\/api.w.org\/{rel}","templated":true}]}}