{"id":1507,"date":"2015-07-06T11:05:16","date_gmt":"2015-07-06T09:05:16","guid":{"rendered":"https:\/\/www.mojstrovina.si\/de\/oprema-za-oljarstvo\/linije-za-proizvodnjo-bucnega-olja\/"},"modified":"2019-12-24T10:56:26","modified_gmt":"2019-12-24T09:56:26","slug":"anlagen-fuer-die-herstellung-von-kuerbiskernoel","status":"publish","type":"page","link":"https:\/\/www.mojstrovina.si\/de\/anlagen-fuer-die-oelmuehle\/anlagen-fuer-die-herstellung-von-kuerbiskernoel\/","title":{"rendered":"Anlagen f\u00fcr die herstellung von k\u00fcrbiskern\u00f6l"},"content":{"rendered":"<section class=\"l-section wpb_row height_medium\"><div class=\"l-section-h i-cf\"><div class=\"g-cols vc_row via_flex valign_top type_default stacking_default\"><div class=\"vc_col-sm-12 wpb_column vc_column_container\"><div class=\"vc_column-inner us_custom_6f060585\"><div class=\"wpb_wrapper\"><div class=\"wpb_text_column\"><div class=\"wpb_wrapper\"><h2>Automatisierte Anlagen f\u00fcr die Herstellung von K\u00fcrbiskern\u00f6l<\/h2>\n<p>Automatisierte Anlagen gibt es in zwei Versionen und zwar mit zwei R\u00f6stofen mit Durchmesser von 800 mm und mit Durchmesser von 1000 mm. Da wird noch folgendes beinhaltet; ein R\u00fctteltisch, ein Putzsystem, eine die M\u00fchle zum Mahlen von Samen, eine Knetmaschine, eine Presse und wenn n\u00f6tig, weitere Maschinen.<\/p>\n<\/div><\/div><div class=\"w-grid us_grid type_grid layout_gallery_default cols_2 preload_style_spinner\" id=\"us_grid_1\" style=\"--columns:2;\" data-filterable=\"true\"><style>.layout_gallery_default .w-grid-item-h{}<\/style><div class=\"w-grid-list\">\t<article class=\"w-grid-item size_1x1 post-528 attachment type-attachment status-inherit hentry\" data-id=\"528\">\r\n\t\t<div class=\"w-grid-item-h\">\r\n\t\t\t\t\t\t\t<a ref=\"magnificPopupGrid\" href=\"https:\/\/www.mojstrovina.si\/wp-content\/uploads\/2015\/07\/avtomatizirana-linija-za-izdelavo-bocnega-olja.jpg\" class=\"w-grid-item-anchor\" aria-label=\"avtomatizirana-linija-za-izdelavo-bocnega-olja\"><\/a>\r\n\t\t\t\t\t\t<div class=\"w-post-elm post_image usg_post_image_1 stretched\"><img loading=\"lazy\" decoding=\"async\" width=\"338\" height=\"600\" src=\"https:\/\/www.mojstrovina.si\/wp-content\/uploads\/2015\/07\/avtomatizirana-linija-za-izdelavo-bocnega-olja.jpg\" class=\"attachment-us_600_600_crop size-us_600_600_crop\" alt=\"\" srcset=\"https:\/\/www.mojstrovina.si\/wp-content\/uploads\/2015\/07\/avtomatizirana-linija-za-izdelavo-bocnega-olja.jpg 563w, https:\/\/www.mojstrovina.si\/wp-content\/uploads\/2015\/07\/avtomatizirana-linija-za-izdelavo-bocnega-olja-169x300.jpg 169w\" sizes=\"auto, (max-width: 338px) 100vw, 338px\" \/><\/div>\t\t<\/div>\r\n\t\t\t<\/article>\r\n\t<article class=\"w-grid-item size_1x1 post-534 attachment type-attachment status-inherit hentry\" data-id=\"534\">\r\n\t\t<div class=\"w-grid-item-h\">\r\n\t\t\t\t\t\t\t<a ref=\"magnificPopupGrid\" href=\"https:\/\/www.mojstrovina.si\/wp-content\/uploads\/2015\/07\/linija-za-izdelavo-bucnega-olja.jpg\" class=\"w-grid-item-anchor\" aria-label=\"linija-za-izdelavo-bucnega-olja\"><\/a>\r\n\t\t\t\t\t\t<div class=\"w-post-elm post_image usg_post_image_1 stretched\"><img loading=\"lazy\" decoding=\"async\" width=\"338\" height=\"600\" src=\"https:\/\/www.mojstrovina.si\/wp-content\/uploads\/2015\/07\/linija-za-izdelavo-bucnega-olja.jpg\" class=\"attachment-us_600_600_crop size-us_600_600_crop\" alt=\"\" srcset=\"https:\/\/www.mojstrovina.si\/wp-content\/uploads\/2015\/07\/linija-za-izdelavo-bucnega-olja.jpg 563w, https:\/\/www.mojstrovina.si\/wp-content\/uploads\/2015\/07\/linija-za-izdelavo-bucnega-olja-169x300.jpg 169w\" sizes=\"auto, (max-width: 338px) 100vw, 338px\" \/><\/div>\t\t<\/div>\r\n\t\t\t<\/article>\r\n<\/div>\t<div class=\"w-grid-preloader\">\r\n\t\t<div class=\"g-preloader type_1\">\r\n\t\t\t<div><\/div>\r\n\t\t<\/div>\r\n\t<\/div>\r\n\t\t<div class=\"w-grid-json hidden\" onclick='return {&quot;action&quot;:&quot;us_ajax_grid&quot;,&quot;infinite_scroll&quot;:0,&quot;max_num_pages&quot;:1,&quot;pagination&quot;:&quot;none&quot;,&quot;template_vars&quot;:{&quot;columns&quot;:&quot;2&quot;,&quot;exclude_items&quot;:&quot;none&quot;,&quot;img_size&quot;:&quot;us_600_600_crop&quot;,&quot;ignore_items_size&quot;:0,&quot;items_layout&quot;:&quot;gallery_default&quot;,&quot;items_offset&quot;:&quot;1&quot;,&quot;load_animation&quot;:&quot;none&quot;,&quot;overriding_link&quot;:&quot;%7B%22type%22%3A%22popup_image%22%7D&quot;,&quot;post_id&quot;:0,&quot;query_args&quot;:{&quot;post_type&quot;:[&quot;attachment&quot;],&quot;post__in&quot;:[&quot;526&quot;,&quot;532&quot;],&quot;post_status&quot;:&quot;inherit&quot;,&quot;post_mime_type&quot;:&quot;image&quot;,&quot;posts_per_page&quot;:999},&quot;orderby_query_args&quot;:{&quot;orderby&quot;:{&quot;post__in&quot;:&quot;ASC&quot;},&quot;order&quot;:&quot;ASC&quot;},&quot;type&quot;:&quot;grid&quot;,&quot;us_grid_post_type&quot;:&quot;attachment&quot;,&quot;us_grid_ajax_index&quot;:1,&quot;us_grid_filter_query_string&quot;:null,&quot;us_grid_index&quot;:1,&quot;page_args&quot;:[],&quot;lang&quot;:&quot;de&quot;}}'><\/div>\r\n\t<\/div><div class=\"w-separator size_large with_line width_default thick_1 style_solid color_border align_center with_content\"><div class=\"w-separator-h\"><i class=\"fas fa-thumbtack\"><\/i><\/div><\/div><div class=\"wpb_text_column\"><div class=\"wpb_wrapper\"><h2>Konventionelle Anlagen f\u00fcr die Herstellung von K\u00fcrbiskern\u00f6l<\/h2>\n<p>Konventionelle Anlagen unterscheiden sich von automatisierten in dem, dass sie mehr Handarbeit erfordern. Bei den konventionellen Anlagen stehen die Maschinen separat und muss man die K\u00fcrbisgew\u00e4chse bzw. die Masse von Hand von einer Maschine bis zu anderer zu transportieren.<\/p>\n<\/div><\/div><div class=\"w-grid us_grid type_grid layout_gallery_default cols_4 preload_style_spinner\" id=\"us_grid_2\" style=\"--columns:4;--gap:4px;\" data-filterable=\"true\"><style>@media (max-width:479px){#us_grid_2{--columns:2!important}}<\/style><div class=\"w-grid-list\">\t<article class=\"w-grid-item size_1x1 post-540 attachment type-attachment status-inherit hentry\" data-id=\"540\">\r\n\t\t<div class=\"w-grid-item-h\">\r\n\t\t\t\t\t\t\t<a ref=\"magnificPopupGrid\" href=\"https:\/\/www.mojstrovina.si\/wp-content\/uploads\/2015\/07\/klasicne-linije-za-stiskanje-olja-1.jpg\" class=\"w-grid-item-anchor\" aria-label=\"klasicne-linije-za-stiskanje-olja-1\"><\/a>\r\n\t\t\t\t\t\t<div class=\"w-post-elm post_image usg_post_image_1 stretched\"><img loading=\"lazy\" decoding=\"async\" width=\"600\" height=\"450\" src=\"https:\/\/www.mojstrovina.si\/wp-content\/uploads\/2015\/07\/klasicne-linije-za-stiskanje-olja-1.jpg\" class=\"attachment-us_600_600_crop size-us_600_600_crop\" alt=\"\" srcset=\"https:\/\/www.mojstrovina.si\/wp-content\/uploads\/2015\/07\/klasicne-linije-za-stiskanje-olja-1.jpg 1000w, https:\/\/www.mojstrovina.si\/wp-content\/uploads\/2015\/07\/klasicne-linije-za-stiskanje-olja-1-300x225.jpg 300w, https:\/\/www.mojstrovina.si\/wp-content\/uploads\/2015\/07\/klasicne-linije-za-stiskanje-olja-1-600x450.jpg 600w\" sizes=\"auto, (max-width: 600px) 100vw, 600px\" \/><\/div>\t\t<\/div>\r\n\t\t\t<\/article>\r\n\t<article class=\"w-grid-item size_1x1 post-546 attachment type-attachment status-inherit hentry\" data-id=\"546\">\r\n\t\t<div class=\"w-grid-item-h\">\r\n\t\t\t\t\t\t\t<a ref=\"magnificPopupGrid\" href=\"https:\/\/www.mojstrovina.si\/wp-content\/uploads\/2015\/07\/klasicne-linije-za-stiskanje-olja-2.jpg\" class=\"w-grid-item-anchor\" aria-label=\"klasicne-linije-za-stiskanje-olja-2\"><\/a>\r\n\t\t\t\t\t\t<div class=\"w-post-elm post_image usg_post_image_1 stretched\"><img loading=\"lazy\" decoding=\"async\" width=\"600\" height=\"450\" src=\"https:\/\/www.mojstrovina.si\/wp-content\/uploads\/2015\/07\/klasicne-linije-za-stiskanje-olja-2.jpg\" class=\"attachment-us_600_600_crop size-us_600_600_crop\" alt=\"\" srcset=\"https:\/\/www.mojstrovina.si\/wp-content\/uploads\/2015\/07\/klasicne-linije-za-stiskanje-olja-2.jpg 1000w, https:\/\/www.mojstrovina.si\/wp-content\/uploads\/2015\/07\/klasicne-linije-za-stiskanje-olja-2-300x225.jpg 300w, https:\/\/www.mojstrovina.si\/wp-content\/uploads\/2015\/07\/klasicne-linije-za-stiskanje-olja-2-600x450.jpg 600w\" sizes=\"auto, (max-width: 600px) 100vw, 600px\" \/><\/div>\t\t<\/div>\r\n\t\t\t<\/article>\r\n\t<article class=\"w-grid-item size_1x1 post-552 attachment type-attachment status-inherit hentry\" data-id=\"552\">\r\n\t\t<div class=\"w-grid-item-h\">\r\n\t\t\t\t\t\t\t<a ref=\"magnificPopupGrid\" href=\"https:\/\/www.mojstrovina.si\/wp-content\/uploads\/2015\/07\/klasicne-linije-za-stiskanje-olja-3.jpg\" class=\"w-grid-item-anchor\" aria-label=\"klasicne-linije-za-stiskanje-olja-3\"><\/a>\r\n\t\t\t\t\t\t<div class=\"w-post-elm post_image usg_post_image_1 stretched\"><img loading=\"lazy\" decoding=\"async\" width=\"600\" height=\"450\" src=\"https:\/\/www.mojstrovina.si\/wp-content\/uploads\/2015\/07\/klasicne-linije-za-stiskanje-olja-3.jpg\" class=\"attachment-us_600_600_crop size-us_600_600_crop\" alt=\"\" srcset=\"https:\/\/www.mojstrovina.si\/wp-content\/uploads\/2015\/07\/klasicne-linije-za-stiskanje-olja-3.jpg 1000w, https:\/\/www.mojstrovina.si\/wp-content\/uploads\/2015\/07\/klasicne-linije-za-stiskanje-olja-3-300x225.jpg 300w, https:\/\/www.mojstrovina.si\/wp-content\/uploads\/2015\/07\/klasicne-linije-za-stiskanje-olja-3-600x450.jpg 600w\" sizes=\"auto, (max-width: 600px) 100vw, 600px\" \/><\/div>\t\t<\/div>\r\n\t\t\t<\/article>\r\n\t<article class=\"w-grid-item size_1x1 post-558 attachment type-attachment status-inherit hentry\" data-id=\"558\">\r\n\t\t<div class=\"w-grid-item-h\">\r\n\t\t\t\t\t\t\t<a ref=\"magnificPopupGrid\" href=\"https:\/\/www.mojstrovina.si\/wp-content\/uploads\/2015\/07\/klasicne-linije-za-stiskanje-olja-4.jpg\" class=\"w-grid-item-anchor\" aria-label=\"klasicne-linije-za-stiskanje-olja-4\"><\/a>\r\n\t\t\t\t\t\t<div class=\"w-post-elm post_image usg_post_image_1 stretched\"><img loading=\"lazy\" decoding=\"async\" width=\"600\" height=\"450\" src=\"https:\/\/www.mojstrovina.si\/wp-content\/uploads\/2015\/07\/klasicne-linije-za-stiskanje-olja-4.jpg\" class=\"attachment-us_600_600_crop size-us_600_600_crop\" alt=\"\" srcset=\"https:\/\/www.mojstrovina.si\/wp-content\/uploads\/2015\/07\/klasicne-linije-za-stiskanje-olja-4.jpg 1000w, https:\/\/www.mojstrovina.si\/wp-content\/uploads\/2015\/07\/klasicne-linije-za-stiskanje-olja-4-300x225.jpg 300w, https:\/\/www.mojstrovina.si\/wp-content\/uploads\/2015\/07\/klasicne-linije-za-stiskanje-olja-4-600x450.jpg 600w\" sizes=\"auto, (max-width: 600px) 100vw, 600px\" \/><\/div>\t\t<\/div>\r\n\t\t\t<\/article>\r\n<\/div>\t<div class=\"w-grid-preloader\">\r\n\t\t<div class=\"g-preloader type_1\">\r\n\t\t\t<div><\/div>\r\n\t\t<\/div>\r\n\t<\/div>\r\n\t\t<div class=\"w-grid-json hidden\" onclick='return {&quot;action&quot;:&quot;us_ajax_grid&quot;,&quot;infinite_scroll&quot;:0,&quot;max_num_pages&quot;:1,&quot;pagination&quot;:&quot;none&quot;,&quot;template_vars&quot;:{&quot;columns&quot;:&quot;4&quot;,&quot;exclude_items&quot;:&quot;none&quot;,&quot;img_size&quot;:&quot;us_600_600_crop&quot;,&quot;ignore_items_size&quot;:0,&quot;items_layout&quot;:&quot;gallery_default&quot;,&quot;items_offset&quot;:&quot;1&quot;,&quot;load_animation&quot;:&quot;none&quot;,&quot;overriding_link&quot;:&quot;%7B%22type%22%3A%22popup_image%22%7D&quot;,&quot;post_id&quot;:0,&quot;query_args&quot;:{&quot;post_type&quot;:[&quot;attachment&quot;],&quot;post__in&quot;:[&quot;538&quot;,&quot;544&quot;,&quot;550&quot;,&quot;556&quot;],&quot;post_status&quot;:&quot;inherit&quot;,&quot;post_mime_type&quot;:&quot;image&quot;,&quot;posts_per_page&quot;:999},&quot;orderby_query_args&quot;:{&quot;orderby&quot;:{&quot;post__in&quot;:&quot;ASC&quot;},&quot;order&quot;:&quot;ASC&quot;},&quot;type&quot;:&quot;grid&quot;,&quot;us_grid_post_type&quot;:&quot;attachment&quot;,&quot;us_grid_ajax_index&quot;:2,&quot;us_grid_filter_query_string&quot;:null,&quot;us_grid_index&quot;:2,&quot;page_args&quot;:[],&quot;lang&quot;:&quot;de&quot;}}'><\/div>\r\n\t<\/div><\/div><\/div><\/div><\/div><\/div><\/section>\n","protected":false},"excerpt":{"rendered":"","protected":false},"author":1,"featured_media":0,"parent":1500,"menu_order":0,"comment_status":"closed","ping_status":"open","template":"","meta":{"footnotes":""},"class_list":["post-1507","page","type-page","status-publish","hentry"],"_links":{"self":[{"href":"https:\/\/www.mojstrovina.si\/de\/wp-json\/wp\/v2\/pages\/1507","targetHints":{"allow":["GET"]}}],"collection":[{"href":"https:\/\/www.mojstrovina.si\/de\/wp-json\/wp\/v2\/pages"}],"about":[{"href":"https:\/\/www.mojstrovina.si\/de\/wp-json\/wp\/v2\/types\/page"}],"author":[{"embeddable":true,"href":"https:\/\/www.mojstrovina.si\/de\/wp-json\/wp\/v2\/users\/1"}],"replies":[{"embeddable":true,"href":"https:\/\/www.mojstrovina.si\/de\/wp-json\/wp\/v2\/comments?post=1507"}],"version-history":[{"count":0,"href":"https:\/\/www.mojstrovina.si\/de\/wp-json\/wp\/v2\/pages\/1507\/revisions"}],"up":[{"embeddable":true,"href":"https:\/\/www.mojstrovina.si\/de\/wp-json\/wp\/v2\/pages\/1500"}],"wp:attachment":[{"href":"https:\/\/www.mojstrovina.si\/de\/wp-json\/wp\/v2\/media?parent=1507"}],"curies":[{"name":"wp","href":"https:\/\/api.w.org\/{rel}","templated":true}]}}