{"id":1500,"date":"2015-05-31T13:57:59","date_gmt":"2015-05-31T12:57:59","guid":{"rendered":"https:\/\/www.mojstrovina.si\/de\/oprema-za-oljarstvo\/"},"modified":"2019-12-24T10:56:25","modified_gmt":"2019-12-24T09:56:25","slug":"anlagen-fuer-die-oelmuehle","status":"publish","type":"page","link":"https:\/\/www.mojstrovina.si\/de\/anlagen-fuer-die-oelmuehle\/","title":{"rendered":"Anlagen f\u00fcr die \u00f6lm\u00fchle"},"content":{"rendered":"<section class=\"l-section wpb_row height_medium\"><div class=\"l-section-h i-cf\"><div class=\"g-cols vc_row via_flex valign_top type_default stacking_default\"><div class=\"vc_col-sm-12 wpb_column vc_column_container\"><div class=\"vc_column-inner us_custom_6f060585\"><div class=\"wpb_wrapper\"><div class=\"wpb_text_column\"><div class=\"wpb_wrapper\"><p>In unserer Firma stellen wir Anlagen f\u00fcr DIE \u00d6LM\u00dcHLE her \u2013 von der Idee bis zum Start der Maschine. Wir k\u00f6nnen dem Kunden verschiedene Modelle der modernen Anlagen anbieten, je nach Kapazit\u00e4t, Komplexit\u00e4t und Erwartungen des Kunden. Alle Maschinen sind rechtlich ausgestattet und verf\u00fcgen \u00dcber ihr eigenes CE-Zertifikat.<\/p>\n<h2>VON DER IDEE BIS ZUR AUSF\u00dcHRUNG<\/h2>\n<blockquote>\n<p>Die Kunden sind in unserer Firma die Essenz von allem. Wenn ein Kunde entscheidet, die Maschine zu kaufen, beginnen wir mit Beratung und Planung in Bezug auf den Raum, \u00fcber dem der Kunde verf\u00fcgt.<\/p>\n<\/blockquote>\n<p>Die Wartezeit f\u00fcr die Herstellung von kompletten Anlagen dauert drei bis sechs Monate. Wenn die Maschine angefertigt wird, kann sie auf Wunsch des Kunden von uns auch geliefert, montiert und gestartet werden um so das gew\u00fcnschte Ergebnis &#8211; gepresstes \u00d6l &#8211; zu erzielen. Falls erforderlich, wird der Kunde im Falle des Auftretens von irgendwelchen Problemen bei der Inbetriebnahme der Anlage bzw. einzelner Maschine beraten und unterst\u00fctzt. Bei einer Abnutzung der einzelnen Maschine kann diese von uns gewartet werden. Wir fertigen die Ersatzteile an, denn wir haben in der Firma ein eigenes Service f\u00fcr Anlagen, die f\u00fcr \u00d6lm\u00fchle.<\/p>\n<\/div><\/div><div class=\"w-separator size_custom\" style=\"height:32px\"><\/div><div class=\"wpb_text_column\"><div class=\"wpb_wrapper\"><h2>WARUM UNS W\u00c4HLEN?<\/h2>\n<\/div><\/div><div class=\"smile_icon_list_wrap ult_info_list_container ult-adjust-bottom-margin  \"><ul class=\"smile_icon_list left hexagon\"><li class=\"icon_list_item\" style=\" font-size:72px;\"><div class=\"icon_list_icon\" data-animation=\"swing\" data-animation-delay=\"03\" style=\"font-size:24px;background:#81d742;color:#000000;border-color:#81d742;\"><i class=\"Defaults-sitemap\" ><\/i><\/div><div class=\"icon_description\" id=\"Info-list-wrap-6162\" style=\"font-size:24px;\"><h3 class=\"ult-responsive info-list-heading\"  data-ultimate-target='#Info-list-wrap-6162 h3'  data-responsive-json-new='{\"font-size\":\"desktop:18px;\",\"line-height\":\"desktop:24px;\"}'  style=\"\">Wir haben unsere eigene Produktion<\/h3><div class=\"icon_description_text ult-responsive\"  data-ultimate-target='#Info-list-wrap-6162 .icon_description_text'  data-responsive-json-new='{\"font-size\":\"desktop:13px;\",\"line-height\":\"desktop:18px;\"}'  style=\"\"><p>Der Vorteil unserer Firma ist, dass wir unsere eigene Produktion haben, deshalb k\u00f6nnen wir unseren Kunden zu jeder Zeit Beratung und Service bieten.<\/p>\n<\/div><\/div><div class=\"icon_list_connector\" data-animation=\"fadeInUp\" data-animation-delay=\"03\" style=\"border-right-width: 1px;border-right-style: dashed;border-color: #333333;\"><\/div><\/li><li class=\"icon_list_item\" style=\" font-size:72px;\"><div class=\"icon_list_icon\" data-animation=\"swing\" data-animation-delay=\"03\" style=\"font-size:24px;background:#81d742;color:#000000;border-color:#81d742;\"><i class=\"Defaults-slideshare\" ><\/i><\/div><div class=\"icon_description\" id=\"Info-list-wrap-3181\" style=\"font-size:24px;\"><h3 class=\"ult-responsive info-list-heading\"  data-ultimate-target='#Info-list-wrap-3181 h3'  data-responsive-json-new='{\"font-size\":\"desktop:18px;\",\"line-height\":\"desktop:24px;\"}'  style=\"\">Langfristige Zusammenarbeit<\/h3><div class=\"icon_description_text ult-responsive\"  data-ultimate-target='#Info-list-wrap-3181 .icon_description_text'  data-responsive-json-new='{\"font-size\":\"desktop:13px;\",\"line-height\":\"desktop:18px;\"}'  style=\"\"><p>Unsere Zusammenarbeit mit den Kunden ist nicht nur kurzfristig, sondern langfristig. Unser Ziel ist es nicht nur die Maschine zu verkaufen, sondern auch dem Kunden zu helfen die Maschine bzw. Anlage erfolgreich anzusetzen. Wir lernen bzw. wiesen den Kunden auf, wie die Maschine benutzt wird. Das Endergebnis ist gepresstes \u00d6l.<\/p>\n<\/div><\/div><div class=\"icon_list_connector\" data-animation=\"fadeInUp\" data-animation-delay=\"03\" style=\"border-right-width: 1px;border-right-style: dashed;border-color: #333333;\"><\/div><\/li><li class=\"icon_list_item\" style=\" font-size:72px;\"><div class=\"icon_list_icon\" data-animation=\"swing\" data-animation-delay=\"03\" style=\"font-size:24px;background:#81d742;color:#000000;border-color:#81d742;\"><i class=\"Defaults-codepen\" ><\/i><\/div><div class=\"icon_description\" id=\"Info-list-wrap-1557\" style=\"font-size:24px;\"><h3 class=\"ult-responsive info-list-heading\"  data-ultimate-target='#Info-list-wrap-1557 h3'  data-responsive-json-new='{\"font-size\":\"desktop:18px;\",\"line-height\":\"desktop:24px;\"}'  style=\"\">Hochwertige Materialien<\/h3><div class=\"icon_description_text ult-responsive\"  data-ultimate-target='#Info-list-wrap-1557 .icon_description_text'  data-responsive-json-new='{\"font-size\":\"desktop:13px;\",\"line-height\":\"desktop:18px;\"}'  style=\"\"><p>F\u00fcr die Fertigung von Maschinen werden hochwertige europ\u00e4ische Materialien verwenden.<\/p>\n<\/div><\/div><div class=\"icon_list_connector\" data-animation=\"fadeInUp\" data-animation-delay=\"03\" style=\"border-right-width: 1px;border-right-style: dashed;border-color: #333333;\"><\/div><\/li><li class=\"icon_list_item\" style=\" font-size:72px;\"><div class=\"icon_list_icon\" data-animation=\"swing\" data-animation-delay=\"03\" style=\"font-size:24px;background:#81d742;color:#000000;border-color:#81d742;\"><i class=\"Defaults-globe\" ><\/i><\/div><div class=\"icon_description\" id=\"Info-list-wrap-6081\" style=\"font-size:24px;\"><h3 class=\"ult-responsive info-list-heading\"  data-ultimate-target='#Info-list-wrap-6081 h3'  data-responsive-json-new='{\"font-size\":\"desktop:18px;\",\"line-height\":\"desktop:24px;\"}'  style=\"\">Auslandsmarkt<\/h3><div class=\"icon_description_text ult-responsive\"  data-ultimate-target='#Info-list-wrap-6081 .icon_description_text'  data-responsive-json-new='{\"font-size\":\"desktop:13px;\",\"line-height\":\"desktop:18px;\"}'  style=\"\"><p>Wir fertigen die Maschinen f\u00fcr die Auslandsm\u00e4rkte, vor allem f\u00fcr Deutschland, Schweiz, \u00d6sterreich und Kroatien, und auch f\u00fcr den Inlandsmarkt.<\/p>\n<\/div><\/div><div class=\"icon_list_connector\" data-animation=\"fadeInUp\" data-animation-delay=\"03\" style=\"border-right-width: 1px;border-right-style: dashed;border-color: #333333;\"><\/div><\/li><li class=\"icon_list_item\" style=\" font-size:72px;\"><div class=\"icon_list_icon\" data-animation=\"swing\" data-animation-delay=\"03\" style=\"font-size:24px;background:#81d742;color:#000000;border-color:#81d742;\"><i class=\"Defaults-thumbs-up\" ><\/i><\/div><div class=\"icon_description\" id=\"Info-list-wrap-4775\" style=\"font-size:24px;\"><h3 class=\"ult-responsive info-list-heading\"  data-ultimate-target='#Info-list-wrap-4775 h3'  data-responsive-json-new='{\"font-size\":\"desktop:18px;\",\"line-height\":\"desktop:24px;\"}'  style=\"\">Langj\u00e4hrige Erfahrung<\/h3><div class=\"icon_description_text ult-responsive\"  data-ultimate-target='#Info-list-wrap-4775 .icon_description_text'  data-responsive-json-new='{\"font-size\":\"desktop:13px;\",\"line-height\":\"desktop:18px;\"}'  style=\"\"><p>In diesem Bereich sind wir keine &#8220; Anf\u00e4nger&#8220;, denn mit \u00d6lm\u00fchlen haben wir schon mehr als zehn Jahren zu tun.<\/p>\n<\/div><\/div><div class=\"icon_list_connector\" data-animation=\"fadeInUp\" data-animation-delay=\"03\" style=\"border-right-width: 1px;border-right-style: dashed;border-color: #333333;\"><\/div><\/li><li class=\"icon_list_item\" style=\" font-size:72px;\"><div class=\"icon_list_icon\" data-animation=\"swing\" data-animation-delay=\"03\" style=\"font-size:24px;background:#81d742;color:#000000;border-color:#81d742;\"><i class=\"Defaults-tint\" ><\/i><\/div><div class=\"icon_description\" id=\"Info-list-wrap-5704\" style=\"font-size:24px;\"><h3 class=\"ult-responsive info-list-heading\"  data-ultimate-target='#Info-list-wrap-5704 h3'  data-responsive-json-new='{\"font-size\":\"desktop:18px;\",\"line-height\":\"desktop:24px;\"}'  style=\"\">\u00d6lm\u00fchlen<\/h3><div class=\"icon_description_text ult-responsive\"  data-ultimate-target='#Info-list-wrap-5704 .icon_description_text'  data-responsive-json-new='{\"font-size\":\"desktop:13px;\",\"line-height\":\"desktop:18px;\"}'  style=\"\"><p>Neu in unserer Firma ist, dass wir Pressen f\u00fcr kaltgepresste \u00d6le anbieten.<\/p>\n<\/div><\/div><div class=\"icon_list_connector\" data-animation=\"fadeInUp\" data-animation-delay=\"03\" style=\"border-right-width: 1px;border-right-style: dashed;border-color: #333333;\"><\/div><\/li><\/ul><\/div><div class=\"w-separator size_large with_line width_default thick_1 style_solid color_border align_center with_content\"><div class=\"w-separator-h\"><i class=\"material-icons\">done_all<\/i><\/div><\/div><div class=\"g-cols wpb_row via_flex valign_top type_default stacking_default\"><div class=\"vc_col-sm-6 wpb_column vc_column_container\"><div class=\"vc_column-inner\"><div class=\"wpb_wrapper\"><div class=\"w-iconbox iconpos_left style_circle color_custom align_left\"><div class=\"w-iconbox-icon\" style=\"font-size:36px;--icon-color:#ffffff;--icon-bg-color:#ff7043;\"><i class=\"fas fa-users\"><\/i><\/div><div class=\"w-iconbox-meta\"><h4 class=\"w-iconbox-title\">HILFE UND UNTERST\u00dcTZUNG<\/h4><div class=\"w-iconbox-text\"><p>In unserer Firma verf\u00fcgen wir \u00fcber eine eigene Produktion f\u00fcr die, schon fr\u00fcher ernannte, Maschinen und bieten unseren Kunden Unterst\u00fctzung und Wartung von Maschinen. Abschnitts entwickelt und aus diesem Grund bieten wir. Wir haben gut ausgebildete Servicetechniker, die jedes Problem bzw. Frage zu l\u00f6sen versuchen. Unsere Mitarbeiter, beraten den Kunden vor dem Kauf der Maschine, helfen das Ger\u00e4t zu booten und das ultimative Ziel zu erreichen.<\/p>\n<\/div><\/div><\/div><\/div><\/div><\/div><div class=\"vc_col-sm-6 wpb_column vc_column_container\"><div class=\"vc_column-inner\"><div class=\"wpb_wrapper\"><div class=\"w-iconbox iconpos_left style_circle color_custom align_left\"><div class=\"w-iconbox-icon\" style=\"font-size:36px;--icon-color:#ffffff;--icon-bg-color:#ffca28;\"><i class=\"fas fa-chart-line\"><\/i><\/div><div class=\"w-iconbox-meta\"><h4 class=\"w-iconbox-title\">ENTWICKLUNG<\/h4><div class=\"w-iconbox-text\"><p>In unserer Firma haben wir es mit den Werkzeugbau zu tun, so dass uns die Entwicklung von Produkten nicht fremd ist. Unsere Anlagen und Maschinen werden st\u00e4ndig verbessert, getestet und angepasst, um noch benutzerfreundlicher zu werden und um das Endprodukt schneller herzustellen.<\/p>\n<\/div><\/div><\/div><\/div><\/div><\/div><\/div><\/div><\/div><\/div><\/div><\/div><\/section>\n","protected":false},"excerpt":{"rendered":"In unserer Firma stellen wir Anlagen f\u00fcr DIE \u00d6LM\u00dcHLE her \u2013 von der Idee bis zum Start der Maschine. Wir k\u00f6nnen dem Kunden verschiedene Modelle der modernen Anlagen anbieten, je nach Kapazit\u00e4t, Komplexit\u00e4t und Erwartungen des Kunden. Alle Maschinen sind rechtlich ausgestattet und verf\u00fcgen \u00dcber ihr eigenes CE-Zertifikat. VON DER IDEE BIS ZUR AUSF\u00dcHRUNG Die...","protected":false},"author":1,"featured_media":0,"parent":0,"menu_order":0,"comment_status":"closed","ping_status":"open","template":"","meta":{"footnotes":""},"class_list":["post-1500","page","type-page","status-publish","hentry"],"_links":{"self":[{"href":"https:\/\/www.mojstrovina.si\/de\/wp-json\/wp\/v2\/pages\/1500","targetHints":{"allow":["GET"]}}],"collection":[{"href":"https:\/\/www.mojstrovina.si\/de\/wp-json\/wp\/v2\/pages"}],"about":[{"href":"https:\/\/www.mojstrovina.si\/de\/wp-json\/wp\/v2\/types\/page"}],"author":[{"embeddable":true,"href":"https:\/\/www.mojstrovina.si\/de\/wp-json\/wp\/v2\/users\/1"}],"replies":[{"embeddable":true,"href":"https:\/\/www.mojstrovina.si\/de\/wp-json\/wp\/v2\/comments?post=1500"}],"version-history":[{"count":0,"href":"https:\/\/www.mojstrovina.si\/de\/wp-json\/wp\/v2\/pages\/1500\/revisions"}],"wp:attachment":[{"href":"https:\/\/www.mojstrovina.si\/de\/wp-json\/wp\/v2\/media?parent=1500"}],"curies":[{"name":"wp","href":"https:\/\/api.w.org\/{rel}","templated":true}]}}